{"id":879,"date":"2025-05-27T07:14:41","date_gmt":"2025-05-27T04:14:41","guid":{"rendered":"https:\/\/san-mix.com\/product\/c-safe\/"},"modified":"2025-06-27T16:28:33","modified_gmt":"2025-06-27T13:28:33","slug":"c-safe","status":"publish","type":"product","link":"https:\/\/san-mix.com\/fr\/product\/c-safe\/","title":{"rendered":"C-Safe"},"content":{"rendered":"<p>html<\/p>\n<style>\n.tab-buttons {\n  display: flex;\n  gap: 20px;\n  margin-bottom: 15px;\n  border-bottom: 2px solid #ddd;\n  flex-wrap: wrap;\n}\n.tab-btn {\n  all: unset;\n  cursor: pointer;\n  font-size: 18px;\n  font-weight: 500;\n  color: #434869;\n  padding: 8px 0;\n  position: relative;\n  background-color: transparent !important;\n}\n.tab-btn:hover {\n  color: #434869;\n  background-color: transparent !important;\n}\n.tab-btn.active {\n  color: #434869;\n  font-weight: 600;\n  background-color: transparent !important;\n}\n.tab-btn.active::after {\n  content: \"\";\n  position: absolute;\n  bottom: -2px;\n  left: 0;\n  right: 0;\n  height: 2px;\n  background-color: #434869;\n}\n.tab-content {\n  display: none;\n  padding: 10px 0;\n}\n.tab-content.active {\n  display: block;\n  margin-bottom: 20px;\n}\n<\/style>\n<div class=\"custom-tabs\">\n<div class=\"tab-buttons\">\n    <button class=\"tab-btn active\" onclick=\"showTab(0)\">Composition pour 1L<\/button><br \/>\n    <button class=\"tab-btn\" onclick=\"showTab(1)\">D\u00e9tails<\/button><br \/>\n    <button class=\"tab-btn\" onclick=\"showTab(2)\">Emballage &#8211; Utilisation<\/button>\n  <\/div>\n<div class=\"tab-content active\">\n<ul>\n<li>Acide ascorbique : 1 000 000 mg<\/li>\n<\/ul><\/div>\n<div class=\"tab-content\">\n<p>C-Safe, gr\u00e2ce \u00e0 sa formulation biodisponible et de haute qualit\u00e9, contribue au maintien de la sant\u00e9 globale et soutient une productivit\u00e9 constante.<\/p>\n<p>En tant qu\u2019antioxydant puissant, la vitamine C prot\u00e8ge les cellules contre les dommages caus\u00e9s par les radicaux libres. Elle renforce l\u2019immunit\u00e9, att\u00e9nue l\u2019impact des maladies et acc\u00e9l\u00e8re la r\u00e9cup\u00e9ration. En p\u00e9riode de stress thermique, la vitamine C aide \u00e0 r\u00e9guler la circulation sanguine et contribue \u00e0 la stabilisation de la temp\u00e9rature corporelle. Lors de situations stressantes comme le transport, la vaccination ou la production intensive, elle renforce la r\u00e9silience des animaux.<\/p>\n<p>En augmentant l\u2019absorption du fer, elle aide \u00e0 pr\u00e9venir l\u2019an\u00e9mie et soutient la production de globules rouges. Elle favorise \u00e9galement la sant\u00e9 vasculaire, contribuant \u00e0 la protection des voies respiratoires et \u00e0 la r\u00e9gulation du flux sanguin.<\/p>\n<p>La vitamine C joue un r\u00f4le essentiel dans la r\u00e9g\u00e9n\u00e9ration et la division cellulaires, acc\u00e9l\u00e9rant la r\u00e9paration des tissus et soutenant la croissance. Elle favorise une r\u00e9cup\u00e9ration plus rapide en cas de blessure, de maladie ou de stress, et contribue au d\u00e9veloppement osseux en renfor\u00e7ant le syst\u00e8me squelettique.<\/p>\n<p>La suppl\u00e9mentation en vitamine C est particuli\u00e8rement importante pendant la phase de d\u00e9veloppement des poussins et dans les troupeaux de pondeuses \u00e0 haut rendement, o\u00f9 elle joue un r\u00f4le cl\u00e9 dans le maintien des performances de production.<\/p>\n<\/p><\/div>\n<div class=\"tab-content\">\n<p><strong>Emballage :<\/strong> 10 sachets \u00d7 100 g chacun<\/p>\n<p><strong>Dosage :<\/strong> 100 g pour 400 litres d\u2019eau de boisson ou d\u2019aliment<\/p>\n<\/p><\/div>\n<\/div>\n<p><script>\nfunction showTab(index) {\n  const tabs = document.querySelectorAll('.tab-content');\n  const buttons = document.querySelectorAll('.tab-btn');\n  tabs.forEach((tab, i) => {\n    tab.classList.toggle('active', i === index);\n  });\n  buttons.forEach((btn, i) => {\n    btn.classList.toggle('active', i === index);\n  });\n}\n<\/script><\/p>\n","protected":false},"excerpt":{"rendered":"<p>La vitamine C (acide ascorbique) est un nutriment essentiel qui soutient le syst\u00e8me immunitaire chez la volaille et augmente la r\u00e9sistance au stress environnemental.<br \/>\nBien que les oiseaux puissent synth\u00e9tiser la vitamine C, une suppl\u00e9mentation est particuli\u00e8rement b\u00e9n\u00e9fique en cas de stress thermique, de maladie ou de vaccination.<\/p>\n","protected":false},"featured_media":880,"template":"","meta":{"_acf_changed":false},"product_brand":[],"product_cat":[126],"product_tag":[142,131,147,146],"class_list":{"0":"post-879","1":"product","2":"type-product","3":"status-publish","4":"has-post-thumbnail","6":"product_cat-vitamines","7":"product_tag-poudre","8":"product_tag-sachet-de-100-g","9":"product_tag-stress-fr","10":"product_tag-stress-thermique","12":"first","13":"instock","14":"shipping-taxable","15":"product-type-simple"},"acf":[],"_links":{"self":[{"href":"https:\/\/san-mix.com\/fr\/wp-json\/wp\/v2\/product\/879","targetHints":{"allow":["GET"]}}],"collection":[{"href":"https:\/\/san-mix.com\/fr\/wp-json\/wp\/v2\/product"}],"about":[{"href":"https:\/\/san-mix.com\/fr\/wp-json\/wp\/v2\/types\/product"}],"wp:featuredmedia":[{"embeddable":true,"href":"https:\/\/san-mix.com\/fr\/wp-json\/wp\/v2\/media\/880"}],"wp:attachment":[{"href":"https:\/\/san-mix.com\/fr\/wp-json\/wp\/v2\/media?parent=879"}],"wp:term":[{"taxonomy":"product_brand","embeddable":true,"href":"https:\/\/san-mix.com\/fr\/wp-json\/wp\/v2\/product_brand?post=879"},{"taxonomy":"product_cat","embeddable":true,"href":"https:\/\/san-mix.com\/fr\/wp-json\/wp\/v2\/product_cat?post=879"},{"taxonomy":"product_tag","embeddable":true,"href":"https:\/\/san-mix.com\/fr\/wp-json\/wp\/v2\/product_tag?post=879"}],"curies":[{"name":"wp","href":"https:\/\/api.w.org\/{rel}","templated":true}]}}