{"id":881,"date":"2025-05-27T07:06:39","date_gmt":"2025-05-27T04:06:39","guid":{"rendered":"https:\/\/san-mix.com\/product\/bcksafe\/"},"modified":"2025-06-27T16:29:15","modified_gmt":"2025-06-27T13:29:15","slug":"bcksafe","status":"publish","type":"product","link":"https:\/\/san-mix.com\/fr\/product\/bcksafe\/","title":{"rendered":"BCKSafe"},"content":{"rendered":"<style>\n.tab-buttons {\n  display: flex;\n  gap: 20px;\n  margin-bottom: 15px;\n  border-bottom: 2px solid #ddd;\n  flex-wrap: wrap;\n}\n.tab-btn {\n  all: unset;\n  cursor: pointer;\n  font-size: 18px;\n  font-weight: 500;\n  color: #434869;\n  padding: 8px 0;\n  position: relative;\n  background-color: transparent !important;\n}\n.tab-btn:hover {\n  color: #434869;\n  background-color: transparent !important;\n}\n.tab-btn.active {\n  color: #434869;\n  font-weight: 600;\n  background-color: transparent !important;\n}\n.tab-btn.active::after {\n  content: \"\";\n  position: absolute;\n  bottom: -2px;\n  left: 0;\n  right: 0;\n  height: 2px;\n  background-color: #434869;\n}\n.tab-content {\n  display: none;\n  padding: 10px 0;\n}\n.tab-content.active {\n  display: block;\n  margin-bottom: 20px;\n}\n<\/style>\n<div class=\"custom-tabs\">\n<div class=\"tab-buttons\">\n    <button class=\"tab-btn active\" onclick=\"showTab(0)\">Composition pour 1L<\/button><br \/>\n    <button class=\"tab-btn\" onclick=\"showTab(1)\">D\u00e9tails<\/button><br \/>\n    <button class=\"tab-btn\" onclick=\"showTab(2)\">Emballage &#8211; Utilisation<\/button>\n  <\/div>\n<div class=\"tab-content active\">\n<ul>\n<li>Acide ascorbique : 100 000 mg<\/li>\n<li>Vitamine K3 : 4 000 mg<\/li>\n<li>Niacine : 50 000 mg<\/li>\n<li>Vitamine B5 : 15 000 mg<\/li>\n<li>Vitamine B2 : 5 000 mg<\/li>\n<li>Vitamine B6 : 5 000 mg<\/li>\n<li>Vitamine B1 : 5 000 mg<\/li>\n<li>Acide folique : 1 500 mg<\/li>\n<li>Biotine : 200 mg<\/li>\n<li>Vitamine B12 : 30 mg<\/li>\n<\/ul><\/div>\n<div class=\"tab-content\">\n<p><strong>Vitamine C (acide ascorbique) :<\/strong> Renforce le syst\u00e8me immunitaire et prot\u00e8ge contre les maladies. Neutralise les radicaux libres pour pr\u00e9venir les dommages cellulaires, augmente la r\u00e9sistance au stress et favorise la r\u00e9paration des tissus.<\/p>\n<p><strong>Vitamine K3 :<\/strong> Soutient la coagulation sanguine normale et r\u00e9duit le risque d\u2019h\u00e9morragie. Favorise le d\u00e9veloppement osseux et aide \u00e0 d\u00e9toxifier le foie en soutenant sa fonction.<\/p>\n<p><strong>Niacine (vitamine B3) :<\/strong> R\u00e9gule le m\u00e9tabolisme \u00e9nerg\u00e9tique pour maximiser l&rsquo;utilisation des nutriments de l\u2019aliment. Soutient la sant\u00e9 du syst\u00e8me digestif, am\u00e9liore le d\u00e9veloppement du plumage et la fonction du syst\u00e8me nerveux.<\/p>\n<p><strong>Vitamine B5 :<\/strong> R\u00e9gule le m\u00e9tabolisme des graisses, des prot\u00e9ines et des glucides. Soutient la croissance et renforce les fonctions immunitaires.<\/p>\n<p><strong>Vitamine B2 :<\/strong> Essentielle pour le d\u00e9veloppement musculaire et la sant\u00e9 du syst\u00e8me nerveux. Am\u00e9liore l\u2019\u00e9tat du plumage et de la peau, pr\u00e9servant l\u2019aspect ext\u00e9rieur.<\/p>\n<p><strong>Vitamine B6 :<\/strong> R\u00e9gule le m\u00e9tabolisme des acides amin\u00e9s et contribue \u00e0 la synth\u00e8se des prot\u00e9ines. Soutient la fonction nerveuse et aide les animaux \u00e0 faire face au stress.<\/p>\n<p><strong>Vitamine B1 :<\/strong> Joue un r\u00f4le cl\u00e9 dans la production d\u2019\u00e9nergie. Soutient une bonne digestion, le fonctionnement du syst\u00e8me nerveux et am\u00e9liore les performances musculaires.<\/p>\n<p><strong>Acide folique :<\/strong> Favorise la r\u00e9g\u00e9n\u00e9ration cellulaire et renforce le syst\u00e8me immunitaire. Contribue \u00e0 la formation des cellules sanguines et aide \u00e0 pr\u00e9venir l\u2019an\u00e9mie.<\/p>\n<p><strong>Biotine :<\/strong> Essentielle pour la sant\u00e9 de la peau et du plumage. Participe au m\u00e9tabolisme des glucides, des graisses et des prot\u00e9ines, contribuant \u00e0 la production d\u2019\u00e9nergie.<\/p>\n<p><strong>Vitamine B12 :<\/strong> Favorise la production de globules rouges et aide \u00e0 pr\u00e9venir l\u2019an\u00e9mie. Am\u00e9liore la sant\u00e9 globale en renfor\u00e7ant la croissance et les performances de reproduction.<\/p>\n<\/p><\/div>\n<div class=\"tab-content\">\n<p><strong>Emballage :<\/strong> 10 sachets \u00d7 100 g chacun<\/p>\n<p><strong>Dosage :<\/strong> 100 g pour 400 litres d\u2019eau de boisson ou d\u2019aliment<\/p>\n<\/p><\/div>\n<\/div>\n<p><script>\nfunction showTab(index) {\n  const tabs = document.querySelectorAll('.tab-content');\n  const buttons = document.querySelectorAll('.tab-btn');\n  tabs.forEach((tab, i) => {\n    tab.classList.toggle('active', i === index);\n  });\n  buttons.forEach((btn, i) => {\n    btn.classList.toggle('active', i === index);\n  });\n}\n<\/script><\/p>\n","protected":false},"excerpt":{"rendered":"<p>BCKSafe associe le puissant antioxydant qu\u2019est l\u2019acide ascorbique aux vitamines du complexe B et \u00e0 la vitamine K3 pour soutenir le syst\u00e8me immunitaire, stimuler le m\u00e9tabolisme et maintenir la sant\u00e9 g\u00e9n\u00e9rale.<br \/>\nIl est particuli\u00e8rement efficace pour renforcer la r\u00e9silience lors de stress thermique, de vaccinations et de d\u00e9fis sanitaires.<\/p>\n","protected":false},"featured_media":882,"template":"","meta":{"_acf_changed":false},"product_brand":[],"product_cat":[126],"product_tag":[142,131,147,146],"class_list":{"0":"post-881","1":"product","2":"type-product","3":"status-publish","4":"has-post-thumbnail","6":"product_cat-vitamines","7":"product_tag-poudre","8":"product_tag-sachet-de-100-g","9":"product_tag-stress-fr","10":"product_tag-stress-thermique","12":"first","13":"instock","14":"shipping-taxable","15":"product-type-simple"},"acf":[],"_links":{"self":[{"href":"https:\/\/san-mix.com\/fr\/wp-json\/wp\/v2\/product\/881","targetHints":{"allow":["GET"]}}],"collection":[{"href":"https:\/\/san-mix.com\/fr\/wp-json\/wp\/v2\/product"}],"about":[{"href":"https:\/\/san-mix.com\/fr\/wp-json\/wp\/v2\/types\/product"}],"wp:featuredmedia":[{"embeddable":true,"href":"https:\/\/san-mix.com\/fr\/wp-json\/wp\/v2\/media\/882"}],"wp:attachment":[{"href":"https:\/\/san-mix.com\/fr\/wp-json\/wp\/v2\/media?parent=881"}],"wp:term":[{"taxonomy":"product_brand","embeddable":true,"href":"https:\/\/san-mix.com\/fr\/wp-json\/wp\/v2\/product_brand?post=881"},{"taxonomy":"product_cat","embeddable":true,"href":"https:\/\/san-mix.com\/fr\/wp-json\/wp\/v2\/product_cat?post=881"},{"taxonomy":"product_tag","embeddable":true,"href":"https:\/\/san-mix.com\/fr\/wp-json\/wp\/v2\/product_tag?post=881"}],"curies":[{"name":"wp","href":"https:\/\/api.w.org\/{rel}","templated":true}]}}