{"id":883,"date":"2025-05-27T06:57:49","date_gmt":"2025-05-27T03:57:49","guid":{"rendered":"https:\/\/san-mix.com\/product\/acksafe\/"},"modified":"2025-06-27T16:29:56","modified_gmt":"2025-06-27T13:29:56","slug":"acksafe","status":"publish","type":"product","link":"https:\/\/san-mix.com\/fr\/product\/acksafe\/","title":{"rendered":"ACKSafe"},"content":{"rendered":"<style>\n.tab-buttons {\n  display: flex;\n  gap: 20px;\n  margin-bottom: 15px;\n  border-bottom: 2px solid #ddd;\n  flex-wrap: wrap;\n}\n.tab-btn {\n  all: unset;\n  cursor: pointer;\n  font-size: 18px;\n  font-weight: 500;\n  color: #434869;\n  padding: 8px 0;\n  position: relative;\n  background-color: transparent !important;\n}\n.tab-btn:hover {\n  color: #434869;\n  background-color: transparent !important;\n}\n.tab-btn.active {\n  color: #434869;\n  font-weight: 600;\n  background-color: transparent !important;\n}\n.tab-btn.active::after {\n  content: \"\";\n  position: absolute;\n  bottom: -2px;\n  left: 0;\n  right: 0;\n  height: 2px;\n  background-color: #434869;\n}\n.tab-content {\n  display: none;\n  padding: 10px 0;\n}\n.tab-content.active {\n  display: block;\n  margin-bottom: 20px;\n}\n<\/style>\n<div class=\"custom-tabs\">\n<div class=\"tab-buttons\">\n    <button class=\"tab-btn active\" onclick=\"showTab(0)\">Composition pour 1L<\/button><br \/>\n    <button class=\"tab-btn\" onclick=\"showTab(1)\">D\u00e9tails<\/button><br \/>\n    <button class=\"tab-btn\" onclick=\"showTab(2)\">Emballage &#8211; Utilisation<\/button>\n  <\/div>\n<div class=\"tab-content active\">\n<ul>\n<li>Vitamine A : 30 000 000 UI<\/li>\n<li>Vitamine K3 : 20 000 mg<\/li>\n<li>Acide ascorbique : 100 000 mg<\/li>\n<\/ul><\/div>\n<div class=\"tab-content\">\n<p><strong>Vitamine A :<\/strong> Essentielle pour la vision, la peau et les tissus muqueux. Renforce le syst\u00e8me immunitaire et augmente la r\u00e9sistance aux infections. Contribue \u00e9galement \u00e0 la production d\u2019\u0153ufs et \u00e0 la sant\u00e9 reproductive.<\/p>\n<p><strong>Vitamine K3 :<\/strong> Une vitamine cl\u00e9 pour r\u00e9guler la coagulation sanguine chez la volaille. R\u00e9duit le risque d\u2019h\u00e9morragie, soutient le m\u00e9tabolisme osseux et prot\u00e8ge la sant\u00e9 h\u00e9patique. Une carence peut entra\u00eener des troubles h\u00e9morragiques et un retard de croissance.<\/p>\n<p><strong>Vitamine C (acide ascorbique) :<\/strong> Agit comme un puissant antioxydant et joue un r\u00f4le vital dans la gestion du stress. Augmente la r\u00e9sistance aux facteurs de stress tels que la chaleur, la vaccination, la maladie et le transport. Soutient la fonction immunitaire, r\u00e9duit le risque d\u2019infection et am\u00e9liore l\u2019absorption du fer \u2014 aidant ainsi \u00e0 pr\u00e9venir l\u2019an\u00e9mie.<\/p>\n<\/p><\/div>\n<div class=\"tab-content\">\n<p><strong>Emballage :<\/strong> 10 sachets \u00d7 100 g chacun<\/p>\n<p><strong>Dosage :<\/strong> 100 g pour 400 litres d\u2019eau de boisson ou d\u2019aliment<\/p>\n<\/p><\/div>\n<\/div>\n<p><script>\nfunction showTab(index) {\n  const tabs = document.querySelectorAll('.tab-content');\n  const buttons = document.querySelectorAll('.tab-btn');\n  tabs.forEach((tab, i) => {\n    tab.classList.toggle('active', i === index);\n  });\n  buttons.forEach((btn, i) => {\n    btn.classList.toggle('active', i === index);\n  });\n}\n<\/script><\/p>\n","protected":false},"excerpt":{"rendered":"<p><strong>Les vitamines A, C et K3<\/strong> ont des effets compl\u00e9mentaires pour soutenir l\u2019immunit\u00e9, r\u00e9guler la coagulation sanguine et prot\u00e9ger les cellules.<br \/>\nGr\u00e2ce \u00e0 cette synergie, ACKSafe maximise la croissance, la reproduction et la r\u00e9sistance aux maladies chez la volaille.<\/p>\n","protected":false},"featured_media":884,"template":"","meta":{"_acf_changed":false},"product_brand":[],"product_cat":[126],"product_tag":[142,131],"class_list":{"0":"post-883","1":"product","2":"type-product","3":"status-publish","4":"has-post-thumbnail","6":"product_cat-vitamines","7":"product_tag-poudre","8":"product_tag-sachet-de-100-g","10":"first","11":"instock","12":"shipping-taxable","13":"product-type-simple"},"acf":[],"_links":{"self":[{"href":"https:\/\/san-mix.com\/fr\/wp-json\/wp\/v2\/product\/883","targetHints":{"allow":["GET"]}}],"collection":[{"href":"https:\/\/san-mix.com\/fr\/wp-json\/wp\/v2\/product"}],"about":[{"href":"https:\/\/san-mix.com\/fr\/wp-json\/wp\/v2\/types\/product"}],"wp:featuredmedia":[{"embeddable":true,"href":"https:\/\/san-mix.com\/fr\/wp-json\/wp\/v2\/media\/884"}],"wp:attachment":[{"href":"https:\/\/san-mix.com\/fr\/wp-json\/wp\/v2\/media?parent=883"}],"wp:term":[{"taxonomy":"product_brand","embeddable":true,"href":"https:\/\/san-mix.com\/fr\/wp-json\/wp\/v2\/product_brand?post=883"},{"taxonomy":"product_cat","embeddable":true,"href":"https:\/\/san-mix.com\/fr\/wp-json\/wp\/v2\/product_cat?post=883"},{"taxonomy":"product_tag","embeddable":true,"href":"https:\/\/san-mix.com\/fr\/wp-json\/wp\/v2\/product_tag?post=883"}],"curies":[{"name":"wp","href":"https:\/\/api.w.org\/{rel}","templated":true}]}}