{"id":891,"date":"2025-05-26T10:20:09","date_gmt":"2025-05-26T07:20:09","guid":{"rendered":"https:\/\/san-mix.com\/product\/minsafe-p\/"},"modified":"2025-06-27T17:04:18","modified_gmt":"2025-06-27T14:04:18","slug":"minsafe-p","status":"publish","type":"product","link":"https:\/\/san-mix.com\/fr\/product\/minsafe-p\/","title":{"rendered":"MinSafe-P"},"content":{"rendered":"<style>\n.tab-buttons {\n  display: flex;\n  gap: 20px;\n  margin-bottom: 15px;\n  border-bottom: 2px solid #ddd;\n  flex-wrap: wrap;\n}\n.tab-btn {\n  all: unset;\n  cursor: pointer;\n  font-size: 18px;\n  font-weight: 500;\n  color: #434869;\n  padding: 8px 0;\n  position: relative;\n  background-color: transparent !important;\n}\n.tab-btn:hover {\n  color: #434869;\n  background-color: transparent !important;\n}\n.tab-btn.active {\n  color: #434869;\n  font-weight: 600;\n  background-color: transparent !important;\n}\n.tab-btn.active::after {\n  content: \"\";\n  position: absolute;\n  bottom: -2px;\n  left: 0;\n  right: 0;\n  height: 2px;\n  background-color: #434869;\n}\n.tab-content {\n  display: none;\n  padding: 10px 0;\n}\n.tab-content.active {\n  display: block;\n  margin-bottom: 20px;\n}\n<\/style>\n<div class=\"custom-tabs\">\n<div class=\"tab-buttons\">\n    <button class=\"tab-btn active\" onclick=\"showTab(0)\">Composition pour 1L<\/button><br \/>\n    <button class=\"tab-btn\" onclick=\"showTab(1)\">D\u00e9tails<\/button><br \/>\n    <button class=\"tab-btn\" onclick=\"showTab(2)\">Emballage &#8211; Utilisation<\/button>\n  <\/div>\n<div class=\"tab-content active\">\n<ul>\n<li>Phosphore : 100 000 mg<\/li>\n<li>Ch\u00e9late de calcium-lysine : 10 000 mg<\/li>\n<li>Ch\u00e9late de magn\u00e9sium-lysine : 5 000 mg<\/li>\n<li>Ch\u00e9late de cuivre-glycine : 2 500 mg<\/li>\n<li>Ch\u00e9late de mangan\u00e8se-glycine : 5 000 mg<\/li>\n<li>Ch\u00e9late de zinc-glycine : 5 000 mg<\/li>\n<li>S\u00e9l\u00e9nium : 300 mg<\/li>\n<\/ul><\/div>\n<div class=\"tab-content\">\n<p><strong>Phosphore :<\/strong> Min\u00e9ral essentiel au d\u00e9veloppement des os et des muscles. Agit en synergie avec le calcium pour am\u00e9liorer la densit\u00e9 osseuse, renforcer la qualit\u00e9 de la coquille d\u2019\u0153uf et soutenir les fonctions m\u00e9taboliques.<\/p>\n<p><strong>Ch\u00e9late de calcium-lysine :<\/strong> Ch\u00e9lation \u00e0 la lysine pour am\u00e9liorer la structure osseuse et la fonction musculaire. Offre une absorption nettement sup\u00e9rieure \u00e0 celle des formes classiques de calcium, r\u00e9duisant le risque de carence.<\/p>\n<p><strong>Ch\u00e9late de magn\u00e9sium-lysine :<\/strong> Joue un r\u00f4le crucial dans le fonctionnement musculaire et nerveux. Aide \u00e0 g\u00e9rer le stress et soutient la formation de la coquille, ce qui en fait un min\u00e9ral cl\u00e9 pendant la p\u00e9riode de ponte.<\/p>\n<p><strong>Ch\u00e9late de cuivre-glycine :<\/strong> Min\u00e9ral essentiel au bon fonctionnement du syst\u00e8me immunitaire, \u00e0 la formation des globules rouges et au d\u00e9veloppement osseux. Contribue \u00e9galement \u00e0 la structure et \u00e0 la pigmentation du plumage.<\/p>\n<p><strong>Ch\u00e9late de mangan\u00e8se-glycine :<\/strong> Renforce le syst\u00e8me immunitaire, augmentant la r\u00e9sistance aux maladies. Joue un r\u00f4le fondamental dans le d\u00e9veloppement osseux et la solidit\u00e9 de la coquille.<\/p>\n<p><strong>Ch\u00e9late de zinc-glycine :<\/strong> R\u00e9gule la mue, am\u00e9liore la sant\u00e9 de la peau et soutient le syst\u00e8me reproducteur. Min\u00e9ral essentiel au maintien de la fonction immunitaire.<\/p>\n<p><strong>S\u00e9l\u00e9nium :<\/strong> Antioxydant puissant qui soutient la sant\u00e9 musculaire et le syst\u00e8me immunitaire. Am\u00e9liore la r\u00e9sistance au stress et aux maladies, contribuant au bien-\u00eatre g\u00e9n\u00e9ral de la volaille.<\/p>\n<\/p><\/div>\n<div class=\"tab-content\">\n<p><strong>Emballage :<\/strong> Bouteille de 1 L, bidons de 5 L et 20 L<\/p>\n<p><strong>Dosage :<\/strong> 0,5\u20131 L par tonne d\u2019eau de boisson ou d\u2019aliment<\/p>\n<\/p><\/div>\n<\/div>\n<p><script>\nfunction showTab(index) {\n  const tabs = document.querySelectorAll('.tab-content');\n  const buttons = document.querySelectorAll('.tab-btn');\n  tabs.forEach((tab, i) => {\n    tab.classList.toggle('active', i === index);\n  });\n  buttons.forEach((btn, i) => {\n    btn.classList.toggle('active', i === index);\n  });\n}\n<\/script><\/p>\n","protected":false},"excerpt":{"rendered":"<p><strong>Complexe de min\u00e9raux ch\u00e9lat\u00e9s \u2013<br \/>\nAbsorption maximale, soutien sup\u00e9rieur<\/strong><br \/>\nPour une croissance optimale, un syst\u00e8me immunitaire fort et une bonne sant\u00e9 g\u00e9n\u00e9rale chez la volaille, les min\u00e9raux doivent \u00eatre apport\u00e9s dans un \u00e9quilibre ad\u00e9quat et sous une forme hautement biodisponible.<br \/>\nMinSafe-P, gr\u00e2ce \u00e0 sa teneur en min\u00e9raux ch\u00e9lat\u00e9s, am\u00e9liore l\u2019absorption et soutient les fonctions vitales allant de la sant\u00e9 osseuse \u00e0 l\u2019immunit\u00e9.<\/p>\n","protected":false},"featured_media":892,"template":"","meta":{"_acf_changed":false},"product_brand":[],"product_cat":[123,119],"product_tag":[139,135,132],"class_list":{"0":"post-891","1":"product","2":"type-product","3":"status-publish","4":"has-post-thumbnail","6":"product_cat-mineraux-organiques","7":"product_cat-soutien-de-la-coquille-de-loeuf-et-des-os","8":"product_tag-liquide","9":"product_tag-qualite-de-la-coquille-doeuf","10":"product_tag-sante-osseuse","12":"first","13":"instock","14":"shipping-taxable","15":"product-type-variable"},"acf":[],"_links":{"self":[{"href":"https:\/\/san-mix.com\/fr\/wp-json\/wp\/v2\/product\/891","targetHints":{"allow":["GET"]}}],"collection":[{"href":"https:\/\/san-mix.com\/fr\/wp-json\/wp\/v2\/product"}],"about":[{"href":"https:\/\/san-mix.com\/fr\/wp-json\/wp\/v2\/types\/product"}],"wp:featuredmedia":[{"embeddable":true,"href":"https:\/\/san-mix.com\/fr\/wp-json\/wp\/v2\/media\/892"}],"wp:attachment":[{"href":"https:\/\/san-mix.com\/fr\/wp-json\/wp\/v2\/media?parent=891"}],"wp:term":[{"taxonomy":"product_brand","embeddable":true,"href":"https:\/\/san-mix.com\/fr\/wp-json\/wp\/v2\/product_brand?post=891"},{"taxonomy":"product_cat","embeddable":true,"href":"https:\/\/san-mix.com\/fr\/wp-json\/wp\/v2\/product_cat?post=891"},{"taxonomy":"product_tag","embeddable":true,"href":"https:\/\/san-mix.com\/fr\/wp-json\/wp\/v2\/product_tag?post=891"}],"curies":[{"name":"wp","href":"https:\/\/api.w.org\/{rel}","templated":true}]}}