{"id":894,"date":"2025-05-26T08:46:24","date_gmt":"2025-05-26T05:46:24","guid":{"rendered":"https:\/\/san-mix.com\/product\/adecksafe\/"},"modified":"2025-06-27T16:33:23","modified_gmt":"2025-06-27T13:33:23","slug":"adecksafe","status":"publish","type":"product","link":"https:\/\/san-mix.com\/fr\/product\/adecksafe\/","title":{"rendered":"ADECKSafe"},"content":{"rendered":"<style>\n.tab-buttons {\n  display: flex;\n  gap: 20px;\n  margin-bottom: 15px;\n  border-bottom: 2px solid #ddd;\n  flex-wrap: wrap;\n}\n.tab-btn {\n  all: unset;\n  cursor: pointer;\n  font-size: 18px;\n  font-weight: 500;\n  color: #434869;\n  padding: 8px 0;\n  position: relative;\n  background-color: transparent !important;\n}\n.tab-btn:hover {\n  color: #434869;\n  background-color: transparent !important;\n}\n.tab-btn.active {\n  color: #434869;\n  font-weight: 600;\n  background-color: transparent !important;\n}\n.tab-btn.active::after {\n  content: \"\";\n  position: absolute;\n  bottom: -2px;\n  left: 0;\n  right: 0;\n  height: 2px;\n  background-color: #434869;\n}\n.tab-content {\n  display: none;\n  padding: 10px 0;\n}\n.tab-content.active {\n  display: block;\n  margin-bottom: 20px;\n}\n<\/style>\n<div class=\"custom-tabs\">\n<div class=\"tab-buttons\">\n    <button class=\"tab-btn active\" onclick=\"showTab(0)\">Composition pour 1L<\/button><br \/>\n    <button class=\"tab-btn\" onclick=\"showTab(1)\">D\u00e9tails<\/button><br \/>\n    <button class=\"tab-btn\" onclick=\"showTab(2)\">Emballage &#8211; Utilisation<\/button>\n  <\/div>\n<div class=\"tab-content active\">\n<ul>\n<li>Vitamine A : 50 000 000 UI<\/li>\n<li>Vitamine D3 : 6 000 000 UI<\/li>\n<li>Vitamine E : 100 000 mg<\/li>\n<li>Vitamine K3 : 5 000 mg<\/li>\n<li>Acide ascorbique : 100 000 mg<\/li>\n<\/ul><\/div>\n<div class=\"tab-content\">\n<p><strong>Vitamine A :<\/strong> Renforce l\u2019activit\u00e9 des cellules immunitaires pour prot\u00e9ger contre les infections. Soutient la sant\u00e9 des syst\u00e8mes respiratoire et digestif, r\u00e9duisant le risque d\u2019infection. Am\u00e9liore la qualit\u00e9 du plumage et la sant\u00e9 de la peau, contribuant au bien-\u00eatre g\u00e9n\u00e9ral.<\/p>\n<p><strong>Vitamine D3 :<\/strong> Favorise l\u2019absorption du calcium et du phosphore, contribuant \u00e0 renforcer les coquilles d\u2019\u0153ufs. Soutient le d\u00e9veloppement osseux, particuli\u00e8rement important chez les oiseaux \u00e0 croissance rapide. Renforce le syst\u00e8me immunitaire et la r\u00e9sistance aux infections.<\/p>\n<p><strong>Vitamine E :<\/strong> Pr\u00e9vient les dommages cellulaires gr\u00e2ce \u00e0 ses puissants effets antioxydants et soutient l\u2019immunit\u00e9. Am\u00e9liore la sant\u00e9 reproductive et favorise une meilleure production d\u2019\u0153ufs. Renforce la r\u00e9sistance au stress, r\u00e9duisant ainsi les pertes de performance.<\/p>\n<p><strong>Vitamine K3 :<\/strong> R\u00e9gule la coagulation sanguine, pr\u00e9venant les saignements et les troubles li\u00e9s au stress. Soutient la fonction immunitaire et joue un r\u00f4le cl\u00e9 dans la r\u00e9sistance aux maladies.<\/p>\n<p><strong>Acide ascorbique (Vitamine C) :<\/strong> Renforce le syst\u00e8me immunitaire et aide \u00e0 prot\u00e9ger contre les infections. Accro\u00eet la r\u00e9silience face aux facteurs de stress environnementaux tels que le stress thermique. Favorise l\u2019absorption du fer, soutenant ainsi la sant\u00e9 sanguine.<\/p>\n<\/p><\/div>\n<div class=\"tab-content\">\n<p><strong>Emballage :<\/strong> Bouteille de 1 L<\/p>\n<p><strong>Dosage :<\/strong> 0,2 L par tonne d\u2019eau de boisson ou d\u2019aliment<\/p>\n<\/p><\/div>\n<\/div>\n<p><script>\nfunction showTab(index) {\n  const tabs = document.querySelectorAll('.tab-content');\n  const buttons = document.querySelectorAll('.tab-btn');\n  tabs.forEach((tab, i) => {\n    tab.classList.toggle('active', i === index);\n  });\n  buttons.forEach((btn, i) => {\n    btn.classList.toggle('active', i === index);\n  });\n}\n<\/script><\/p>\n","protected":false},"excerpt":{"rendered":"<p><strong>Pour une immunit\u00e9 renforc\u00e9e et des coquilles d\u2019\u0153ufs solides<\/strong><br \/>\nADECKSafe renforce l\u2019immunit\u00e9, augmente la r\u00e9sistance aux maladies et am\u00e9liore la qualit\u00e9 des coquilles d\u2019\u0153ufs.<br \/>\nEn soutenant la sant\u00e9 reproductive, le d\u00e9veloppement osseux et les performances g\u00e9n\u00e9rales, cette combinaison puissante constitue une solution id\u00e9ale pour les poules pondeuses comme pour les poulets de chair.<\/p>\n","protected":false},"featured_media":895,"template":"","meta":{"_acf_changed":false},"product_brand":[],"product_cat":[119,120,126],"product_tag":[136,139,138,135,132],"class_list":{"0":"post-894","1":"product","2":"type-product","3":"status-publish","4":"has-post-thumbnail","6":"product_cat-soutien-de-la-coquille-de-loeuf-et-des-os","7":"product_cat-soutien-du-systeme-immunitaire","8":"product_cat-vitamines","9":"product_tag-croissance","10":"product_tag-liquide","11":"product_tag-poule-pondeuse","12":"product_tag-qualite-de-la-coquille-doeuf","13":"product_tag-sante-osseuse","15":"first","16":"instock","17":"shipping-taxable","18":"product-type-simple"},"acf":[],"_links":{"self":[{"href":"https:\/\/san-mix.com\/fr\/wp-json\/wp\/v2\/product\/894","targetHints":{"allow":["GET"]}}],"collection":[{"href":"https:\/\/san-mix.com\/fr\/wp-json\/wp\/v2\/product"}],"about":[{"href":"https:\/\/san-mix.com\/fr\/wp-json\/wp\/v2\/types\/product"}],"wp:featuredmedia":[{"embeddable":true,"href":"https:\/\/san-mix.com\/fr\/wp-json\/wp\/v2\/media\/895"}],"wp:attachment":[{"href":"https:\/\/san-mix.com\/fr\/wp-json\/wp\/v2\/media?parent=894"}],"wp:term":[{"taxonomy":"product_brand","embeddable":true,"href":"https:\/\/san-mix.com\/fr\/wp-json\/wp\/v2\/product_brand?post=894"},{"taxonomy":"product_cat","embeddable":true,"href":"https:\/\/san-mix.com\/fr\/wp-json\/wp\/v2\/product_cat?post=894"},{"taxonomy":"product_tag","embeddable":true,"href":"https:\/\/san-mix.com\/fr\/wp-json\/wp\/v2\/product_tag?post=894"}],"curies":[{"name":"wp","href":"https:\/\/api.w.org\/{rel}","templated":true}]}}