{"id":900,"date":"2025-05-26T07:56:57","date_gmt":"2025-05-26T04:56:57","guid":{"rendered":"https:\/\/san-mix.com\/product\/menthosafe\/"},"modified":"2025-06-27T16:56:04","modified_gmt":"2025-06-27T13:56:04","slug":"menthosafe","status":"publish","type":"product","link":"https:\/\/san-mix.com\/fr\/product\/menthosafe\/","title":{"rendered":"MenthoSafe"},"content":{"rendered":"<style>\n.tab-buttons {\n  display: flex;\n  gap: 20px;\n  margin-bottom: 15px;\n  border-bottom: 2px solid #ddd;\n  flex-wrap: wrap;\n}\n.tab-btn {\n  all: unset;\n  cursor: pointer;\n  font-size: 18px;\n  font-weight: 500;\n  color: #434869;\n  padding: 8px 0;\n  position: relative;\n  background-color: transparent !important;\n}\n.tab-btn:hover {\n  color: #434869;\n  background-color: transparent !important;\n}\n.tab-btn.active {\n  color: #434869;\n  font-weight: 600;\n  background-color: transparent !important;\n}\n.tab-btn.active::after {\n  content: \"\";\n  position: absolute;\n  bottom: -2px;\n  left: 0;\n  right: 0;\n  height: 2px;\n  background-color: #434869;\n}\n.tab-content {\n  display: none;\n  padding: 10px 0;\n}\n.tab-content.active {\n  display: block;\n  margin-bottom: 20px;\n}\n<\/style>\n<div class=\"custom-tabs\">\n<div class=\"tab-buttons\">\n    <button class=\"tab-btn active\" onclick=\"showTab(0)\">Composition par 1L<\/button><br \/>\n    <button class=\"tab-btn\" onclick=\"showTab(1)\">D\u00e9tails<\/button><br \/>\n    <button class=\"tab-btn\" onclick=\"showTab(2)\">Emballage\u2013Utilisation<\/button>\n  <\/div>\n<div class=\"tab-content active\">\n<ul>\n<li>Huile d&rsquo;eucalyptus : 150 000 mg<\/li>\n<li>Huile de menthe poivr\u00e9e : 100 000 mg<\/li>\n<li>Huile de thym : 25 000 mg<\/li>\n<\/ul><\/div>\n<div class=\"tab-content\">\n<p><strong>Huile d&rsquo;eucalyptus : <\/strong>Ouvre les voies respiratoires pour faciliter la respiration. Aide \u00e0 expulser le mucus et \u00e0 d\u00e9gager les congestions. Ses propri\u00e9t\u00e9s antibact\u00e9riennes et antivirales prot\u00e8gent le syst\u00e8me respiratoire.<\/p>\n<p><strong>Huile de menthe poivr\u00e9e : <\/strong>Son effet rafra\u00eechissant apaise les voies respiratoires. Aide \u00e0 soulager les difficult\u00e9s respiratoires caus\u00e9es par le stress. Soutient le syst\u00e8me immunitaire gr\u00e2ce \u00e0 sa teneur naturelle en antioxydants.<\/p>\n<p><strong>Huile de thym : <\/strong>Fournit une protection contre les agents pathog\u00e8nes respiratoires gr\u00e2ce \u00e0 son fort effet antimicrobien. Agit comme expectorant en nettoyant les voies respiratoires. Acc\u00e9l\u00e8re le processus de r\u00e9cup\u00e9ration lors des infections respiratoires.<\/p>\n<\/p><\/div>\n<div class=\"tab-content\">\n<p><strong>Emballage :<\/strong> Bouteille de 1 L<\/p>\n<p><strong>Dosage :<\/strong> 0,25 L par 1 tonne d&rsquo;eau de boisson ou d&rsquo;aliment<\/p>\n<\/p><\/div>\n<\/div>\n<p><script>\nfunction showTab(index) {\n  const tabs = document.querySelectorAll('.tab-content');\n  const buttons = document.querySelectorAll('.tab-btn');\n  tabs.forEach((tab, i) => {\n    tab.classList.toggle('active', i === index);\n  });\n  buttons.forEach((btn, i) => {\n    btn.classList.toggle('active', i === index);\n  });\n}\n<\/script><\/p>\n","protected":false},"excerpt":{"rendered":"<p><strong>Soutenez la sant\u00e9 respiratoire de mani\u00e8re naturelle<\/strong><br \/>\nMenthoSafe aide \u00e0 purifier et apaiser les voies respiratoires tout en soutenant le syst\u00e8me immunitaire.<br \/>\nIl augmente la r\u00e9sistance aux changements environnementaux, au stress et aux infections, offrant un environnement de croissance plus sain et plus stable pour les volailles.<\/p>\n","protected":false},"featured_media":901,"template":"","meta":{"_acf_changed":false},"product_brand":[],"product_cat":[122,125],"product_tag":[147,146],"class_list":{"0":"post-900","1":"product","2":"type-product","3":"status-publish","4":"has-post-thumbnail","6":"product_cat-produits-naturels","7":"product_cat-soutien-respiratoire","8":"product_tag-stress-fr","9":"product_tag-stress-thermique","11":"first","12":"instock","13":"shipping-taxable","14":"product-type-simple"},"acf":[],"_links":{"self":[{"href":"https:\/\/san-mix.com\/fr\/wp-json\/wp\/v2\/product\/900","targetHints":{"allow":["GET"]}}],"collection":[{"href":"https:\/\/san-mix.com\/fr\/wp-json\/wp\/v2\/product"}],"about":[{"href":"https:\/\/san-mix.com\/fr\/wp-json\/wp\/v2\/types\/product"}],"wp:featuredmedia":[{"embeddable":true,"href":"https:\/\/san-mix.com\/fr\/wp-json\/wp\/v2\/media\/901"}],"wp:attachment":[{"href":"https:\/\/san-mix.com\/fr\/wp-json\/wp\/v2\/media?parent=900"}],"wp:term":[{"taxonomy":"product_brand","embeddable":true,"href":"https:\/\/san-mix.com\/fr\/wp-json\/wp\/v2\/product_brand?post=900"},{"taxonomy":"product_cat","embeddable":true,"href":"https:\/\/san-mix.com\/fr\/wp-json\/wp\/v2\/product_cat?post=900"},{"taxonomy":"product_tag","embeddable":true,"href":"https:\/\/san-mix.com\/fr\/wp-json\/wp\/v2\/product_tag?post=900"}],"curies":[{"name":"wp","href":"https:\/\/api.w.org\/{rel}","templated":true}]}}