{"id":904,"date":"2025-05-26T07:13:14","date_gmt":"2025-05-26T04:13:14","guid":{"rendered":"https:\/\/san-mix.com\/product\/gutsafe\/"},"modified":"2025-06-27T17:09:53","modified_gmt":"2025-06-27T14:09:53","slug":"gutsafe","status":"publish","type":"product","link":"https:\/\/san-mix.com\/fr\/product\/gutsafe\/","title":{"rendered":"GutSafe"},"content":{"rendered":"<style>\n.tab-buttons {\n  display: flex;\n  gap: 20px;\n  margin-bottom: 15px;\n  border-bottom: 2px solid #ddd;\n  flex-wrap: wrap;\n}\n.tab-btn {\n  all: unset;\n  cursor: pointer;\n  font-size: 18px;\n  font-weight: 500;\n  color: #434869;\n  padding: 8px 0;\n  position: relative;\n  background-color: transparent !important;\n}\n.tab-btn:hover {\n  color: #434869;\n  background-color: transparent !important;\n}\n.tab-btn.active {\n  color: #434869;\n  font-weight: 600;\n  background-color: transparent !important;\n}\n.tab-btn.active::after {\n  content: \"\";\n  position: absolute;\n  bottom: -2px;\n  left: 0;\n  right: 0;\n  height: 2px;\n  background-color: #434869;\n}\n.tab-content {\n  display: none;\n  padding: 10px 0;\n}\n.tab-content.active {\n  display: block;\n  margin-bottom: 20px;\n}\n<\/style>\n<div class=\"custom-tabs\">\n<div class=\"tab-buttons\">\n    <button class=\"tab-btn active\" onclick=\"showTab(0)\">Composition Par 1 L<\/button><br \/>\n    <button class=\"tab-btn\" onclick=\"showTab(1)\">D\u00e9tails<\/button><br \/>\n    <button class=\"tab-btn\" onclick=\"showTab(2)\">Emballage-Utilisation<\/button>\n  <\/div>\n<div class=\"tab-content active\">\n<ul>\n<li>Huile d\u2019origan : 250 000 mg<\/li>\n<li>Huile d\u2019ail : 250 000 mg<\/li>\n<li>Huile de clou de girofle : 100 000 mg<\/li>\n<\/ul><\/div>\n<div class=\"tab-content\">\n<p><strong>Huile d\u2019origan :<\/strong> Connue pour ses puissantes propri\u00e9t\u00e9s antimicrobiennes et antifongiques. Elle soutient la flore intestinale et prot\u00e8ge contre les bact\u00e9ries nocives. Elle favorise \u00e9galement la s\u00e9cr\u00e9tion d\u2019enzymes digestives, am\u00e9liorant la digestion des aliments.<\/p>\n<p><strong>Huile d\u2019ail :<\/strong> Soutient la sant\u00e9 intestinale gr\u00e2ce \u00e0 ses effets antibiotiques naturels. R\u00e9duit la formation d\u2019ammoniac, facilitant la digestion. Renforce le syst\u00e8me immunitaire et prot\u00e8ge contre les maladies.<\/p>\n<p><strong>Huile de clou de girofle :<\/strong> Connue pour ses propri\u00e9t\u00e9s antiseptiques. Aide \u00e0 contr\u00f4ler les micro-organismes nuisibles dans l\u2019intestin. Am\u00e9liore l\u2019utilisation des aliments et soutient la croissance. \u00c9quilibre la flore intestinale pour favoriser un microbiote sain.<\/p>\n<\/p><\/div>\n<div class=\"tab-content\">\n<p><strong>Emballage :<\/strong> Bouteille de 1 L<\/p>\n<p><strong>Dosage :<\/strong> 0,1 \u2013 0,2 L par tonne d\u2019eau de boisson ou d\u2019aliment<\/p>\n<\/p><\/div>\n<\/div>\n<p><script>\nfunction showTab(index) {\n  const tabs = document.querySelectorAll('.tab-content');\n  const buttons = document.querySelectorAll('.tab-btn');\n  tabs.forEach((tab, i) => {\n    tab.classList.toggle('active', i === index);\n  });\n  buttons.forEach((btn, i) => {\n    btn.classList.toggle('active', i === index);\n  });\n}\n<\/script><\/p>\n","protected":false},"excerpt":{"rendered":"<p><strong>Soutien Naturel au Syst\u00e8me Digestif<\/strong><br \/>\nLa puissance des huiles d\u2019origan, d\u2019ail et de clou de girofle. Formul\u00e9 avec des huiles essentielles naturelles, GutSafe soutient le syst\u00e8me digestif et aide \u00e0 maximiser les b\u00e9n\u00e9fices nutritionnels de l\u2019alimentation.<\/p>\n","protected":false},"featured_media":905,"template":"","meta":{"_acf_changed":false},"product_brand":[],"product_cat":[122,118],"product_tag":[139,138,134,133],"class_list":{"0":"post-904","1":"product","2":"type-product","3":"status-publish","4":"has-post-thumbnail","6":"product_cat-produits-naturels","7":"product_cat-soutien-digestif","8":"product_tag-liquide","9":"product_tag-poule-pondeuse","10":"product_tag-poulet-de-chair","11":"product_tag-reproducteur","13":"first","14":"instock","15":"shipping-taxable","16":"product-type-simple"},"acf":[],"_links":{"self":[{"href":"https:\/\/san-mix.com\/fr\/wp-json\/wp\/v2\/product\/904","targetHints":{"allow":["GET"]}}],"collection":[{"href":"https:\/\/san-mix.com\/fr\/wp-json\/wp\/v2\/product"}],"about":[{"href":"https:\/\/san-mix.com\/fr\/wp-json\/wp\/v2\/types\/product"}],"wp:featuredmedia":[{"embeddable":true,"href":"https:\/\/san-mix.com\/fr\/wp-json\/wp\/v2\/media\/905"}],"wp:attachment":[{"href":"https:\/\/san-mix.com\/fr\/wp-json\/wp\/v2\/media?parent=904"}],"wp:term":[{"taxonomy":"product_brand","embeddable":true,"href":"https:\/\/san-mix.com\/fr\/wp-json\/wp\/v2\/product_brand?post=904"},{"taxonomy":"product_cat","embeddable":true,"href":"https:\/\/san-mix.com\/fr\/wp-json\/wp\/v2\/product_cat?post=904"},{"taxonomy":"product_tag","embeddable":true,"href":"https:\/\/san-mix.com\/fr\/wp-json\/wp\/v2\/product_tag?post=904"}],"curies":[{"name":"wp","href":"https:\/\/api.w.org\/{rel}","templated":true}]}}