{"id":906,"date":"2025-05-23T11:44:10","date_gmt":"2025-05-23T08:44:10","guid":{"rendered":"https:\/\/san-mix.com\/product\/calmixsafe\/"},"modified":"2025-06-27T17:00:07","modified_gmt":"2025-06-27T14:00:07","slug":"calmixsafe","status":"publish","type":"product","link":"https:\/\/san-mix.com\/fr\/product\/calmixsafe\/","title":{"rendered":"CalmixSafe"},"content":{"rendered":"<style>\n.tab-buttons {\n  display: flex;\n  gap: 20px;\n  margin-bottom: 15px;\n  border-bottom: 2px solid #ddd;\n  flex-wrap: wrap;\n}\n.tab-btn {\n  all: unset;\n  cursor: pointer;\n  font-size: 18px;\n  font-weight: 500;\n  color: #434869;\n  padding: 8px 0;\n  position: relative;\n  background-color: transparent !important;\n}\n.tab-btn:hover {\n  color: #434869;\n  background-color: transparent !important;\n}\n.tab-btn.active {\n  color: #434869;\n  font-weight: 600;\n  background-color: transparent !important;\n}\n.tab-btn.active::after {\n  content: \"\";\n  position: absolute;\n  bottom: -2px;\n  left: 0;\n  right: 0;\n  height: 2px;\n  background-color: #434869;\n}\n.tab-content {\n  display: none;\n  padding: 10px 0;\n}\n.tab-content.active {\n  display: block;\n  margin-bottom: 20px;\n}\n<\/style>\n<div class=\"custom-tabs\">\n<div class=\"tab-buttons\">\n    <button class=\"tab-btn active\" onclick=\"showTab(0)\">Composition pour 1 L<\/button><br \/>\n    <button class=\"tab-btn\" onclick=\"showTab(1)\">D\u00e9tails<\/button><br \/>\n    <button class=\"tab-btn\" onclick=\"showTab(2)\">Emballage-Utilisation<\/button>\n  <\/div>\n<div class=\"tab-content active\">\n<ul>\n<li>Ch\u00e9late de calcium-lysine : 150 000 mg<\/li>\n<li>Ch\u00e9late de magn\u00e9sium-lysine : 50 000 mg<\/li>\n<li>Ch\u00e9late de cuivre-glycine : 17 000 mg<\/li>\n<li>Ch\u00e9late de mangan\u00e8se-glycine : 70 000 mg<\/li>\n<li>Ch\u00e9late de zinc-glycine : 60 000 mg<\/li>\n<li>Vitamine D3 : 6 000 000 UI<\/li>\n<\/ul><\/div>\n<div class=\"tab-content\">\n<p><strong>Ch\u00e9late de calcium-lysine :<\/strong> Am\u00e9liore la duret\u00e9 et la durabilit\u00e9 de la coquille d&rsquo;\u0153uf. Soutient le d\u00e9veloppement osseux et pr\u00e9vient les d\u00e9formations caus\u00e9es par une carence en calcium. Garantit une absorption maximale gr\u00e2ce \u00e0 sa haute biodisponibilit\u00e9.<\/p>\n<p><strong>Ch\u00e9late de magn\u00e9sium-lysine :<\/strong> Soutient le fonctionnement des muscles et du syst\u00e8me nerveux. Renforce la min\u00e9ralisation osseuse et le syst\u00e8me squelettique. Agit en synergie avec le calcium pour favoriser la formation de coquilles d&rsquo;\u0153ufs de qualit\u00e9.<\/p>\n<p><strong>Ch\u00e9late de cuivre-glycine :<\/strong> Favorise le d\u00e9veloppement des os et des tissus conjonctifs. Renforce le syst\u00e8me immunitaire, aidant \u00e0 lutter contre les infections. Am\u00e9liore l\u2019\u00e9tat du plumage et de la peau, augmentant la vitalit\u00e9 globale.<\/p>\n<p><strong>Ch\u00e9late de mangan\u00e8se-glycine :<\/strong> Contribue au d\u00e9veloppement osseux et renforce le squelette. Am\u00e9liore la qualit\u00e9 des \u0153ufs \u00e0 couver. R\u00e9gule les processus m\u00e9taboliques et favorise une croissance saine.<\/p>\n<p><strong>Ch\u00e9late de zinc-glycine :<\/strong> Joue un r\u00f4le essentiel dans la formation de la coquille d&rsquo;\u0153uf. Soutient le d\u00e9veloppement musculaire et squelettique pour une croissance saine. Renforce le syst\u00e8me immunitaire et augmente la r\u00e9sistance aux maladies.<\/p>\n<p><strong>Vitamine D3 :<\/strong> Am\u00e9liore l\u2019absorption du calcium et du phosphore, renfor\u00e7ant les os. Am\u00e9liore la qualit\u00e9 de la coquille d&rsquo;\u0153uf et r\u00e9duit les taux de casse. R\u00e9gule le m\u00e9tabolisme calcique, permettant aux poules pondeuses de rester productives plus longtemps.<\/p>\n<\/p><\/div>\n<div class=\"tab-content\">\n<p><strong>Emballage :<\/strong> Bidon de 2,5 L<\/p>\n<p><strong>Dosage :<\/strong> 0,5\u20131 L par tonne d\u2019eau de boisson ou d\u2019aliment<\/p>\n<\/p><\/div>\n<\/div>\n<p><script>\nfunction showTab(index) {\n  const tabs = document.querySelectorAll('.tab-content');\n  const buttons = document.querySelectorAll('.tab-btn');\n  tabs.forEach((tab, i) => {\n    tab.classList.toggle('active', i === index);\n  });\n  buttons.forEach((btn, i) => {\n    btn.classList.toggle('active', i === index);\n  });\n}\n<\/script><\/p>\n","protected":false},"excerpt":{"rendered":"<p><strong>Ch\u00e9lates min\u00e9raux et vitamine D3.<\/strong><\/p>\n<p>Maintenir l&rsquo;\u00e9quilibre en calcium et en min\u00e9raux chez les volailles est d&rsquo;une importance cruciale pour am\u00e9liorer la qualit\u00e9 de la coquille d&rsquo;\u0153uf et renforcer le syst\u00e8me squelettique. Une carence ou un d\u00e9s\u00e9quilibre en min\u00e9raux peut entra\u00eener des coquilles d&rsquo;\u0153ufs fines et fragiles ainsi que des probl\u00e8mes de d\u00e9veloppement osseux.<br \/>\n<strong>CalmixSafe soutient le d\u00e9veloppement osseux et la qualit\u00e9 des coquilles gr\u00e2ce \u00e0 des ch\u00e9lates min\u00e9raux hautement biodisponibles et \u00e0 la vitamine D3.<\/strong><\/p>\n","protected":false},"featured_media":907,"template":"","meta":{"_acf_changed":false},"product_brand":[],"product_cat":[123,119],"product_tag":[136,144,139,138,135,132],"class_list":{"0":"post-906","1":"product","2":"type-product","3":"status-publish","4":"has-post-thumbnail","6":"product_cat-mineraux-organiques","7":"product_cat-soutien-de-la-coquille-de-loeuf-et-des-os","8":"product_tag-croissance","9":"product_tag-demarrage","10":"product_tag-liquide","11":"product_tag-poule-pondeuse","12":"product_tag-qualite-de-la-coquille-doeuf","13":"product_tag-sante-osseuse","15":"first","16":"instock","17":"shipping-taxable","18":"product-type-variable","19":"has-default-attributes"},"acf":[],"_links":{"self":[{"href":"https:\/\/san-mix.com\/fr\/wp-json\/wp\/v2\/product\/906","targetHints":{"allow":["GET"]}}],"collection":[{"href":"https:\/\/san-mix.com\/fr\/wp-json\/wp\/v2\/product"}],"about":[{"href":"https:\/\/san-mix.com\/fr\/wp-json\/wp\/v2\/types\/product"}],"wp:featuredmedia":[{"embeddable":true,"href":"https:\/\/san-mix.com\/fr\/wp-json\/wp\/v2\/media\/907"}],"wp:attachment":[{"href":"https:\/\/san-mix.com\/fr\/wp-json\/wp\/v2\/media?parent=906"}],"wp:term":[{"taxonomy":"product_brand","embeddable":true,"href":"https:\/\/san-mix.com\/fr\/wp-json\/wp\/v2\/product_brand?post=906"},{"taxonomy":"product_cat","embeddable":true,"href":"https:\/\/san-mix.com\/fr\/wp-json\/wp\/v2\/product_cat?post=906"},{"taxonomy":"product_tag","embeddable":true,"href":"https:\/\/san-mix.com\/fr\/wp-json\/wp\/v2\/product_tag?post=906"}],"curies":[{"name":"wp","href":"https:\/\/api.w.org\/{rel}","templated":true}]}}