{"id":909,"date":"2025-05-22T16:21:51","date_gmt":"2025-05-22T13:21:51","guid":{"rendered":"https:\/\/san-mix.com\/product\/prosafe\/"},"modified":"2025-09-18T13:15:41","modified_gmt":"2025-09-18T10:15:41","slug":"prosafe","status":"publish","type":"product","link":"https:\/\/san-mix.com\/fr\/product\/prosafe\/","title":{"rendered":"ProSafe"},"content":{"rendered":"<style>\n.tab-buttons {\n  display: flex;\n  gap: 20px;\n  margin-bottom: 15px;\n  border-bottom: 2px solid #ddd;\n  flex-wrap: wrap;\n}\n.tab-btn {\n  all: unset;\n  cursor: pointer;\n  font-size: 18px;\n  font-weight: 500;\n  color: #434869;\n  padding: 8px 0;\n  position: relative;\n  background-color: transparent !important;\n}\n.tab-btn:hover {\n  color: #434869;\n  background-color: transparent !important;\n}\n.tab-btn.active {\n  color: #434869;\n  font-weight: 600;\n  background-color: transparent !important;\n}\n.tab-btn.active::after {\n  content: \"\";\n  position: absolute;\n  bottom: -2px;\n  left: 0;\n  right: 0;\n  height: 2px;\n  background-color: #434869;\n}\n.tab-content {\n  display: none;\n  padding: 10px 0;\n}\n.tab-content.active {\n  display: block;\n  margin-bottom: 20px;\n}\n<\/style>\n<div class=\"custom-tabs\">\n<div class=\"tab-buttons\">\n    <button class=\"tab-btn active\" onclick=\"showTab(0)\">Composition pour 1 L<\/button><br \/>\n    <button class=\"tab-btn\" onclick=\"showTab(1)\">D\u00e9tails<\/button><br \/>\n    <button class=\"tab-btn\" onclick=\"showTab(2)\">Conditionnement-Utilisation<\/button>\n  <\/div>\n<div class=\"tab-content active\">\n<ul>\n<li>Bacillus subtilis : 1 \u00d7 10<sup>9<\/sup> UFC<\/li>\n<li>Lactobacillus acidophilus : 1 \u00d7 10<sup>9<\/sup> UFC<\/li>\n<li>Pediococcus acidilactici : 1 \u00d7 10<sup>9<\/sup> UFC<\/li>\n<\/ul><\/div>\n<div class=\"tab-content\">\n<p><strong>Effet cibl\u00e9 :<\/strong> Le Bacillus subtilis de ProSafe est hautement r\u00e9sistant \u00e0 la chaleur, aux environnements acides et aux enzymes digestives gr\u00e2ce \u00e0 sa forme sporul\u00e9e. Cela lui permet de survivre \u00e0 l&rsquo;acidit\u00e9 de l&rsquo;estomac et de s&rsquo;activer dans l&rsquo;intestin.<br \/>\nLactobacillus acidophilus et Pediococcus acidilactici, quant \u00e0 eux, sont des formes vivantes r\u00e9sistantes aux acides et aux sels biliaires qui agissent directement dans l\u2019intestin.<br \/>\nL\u2019utilisation combin\u00e9e de ces trois souches garantit une efficacit\u00e9 dans diff\u00e9rentes parties du tractus digestif et \u00e0 des pH vari\u00e9s.<\/p>\n<p><strong>Performance digestive sup\u00e9rieure :<\/strong> ProSafe contient des souches soigneusement s\u00e9lectionn\u00e9es pour leur forte capacit\u00e9 d&rsquo;adaptation au syst\u00e8me digestif.<br \/>\nCes souches se distinguent par leur capacit\u00e9 \u00e0 adh\u00e9rer \u00e0 la muqueuse intestinale, \u00e0 inhiber les agents pathog\u00e8nes et \u00e0 produire des enzymes digestives.<br \/>\nBacillus subtilis poss\u00e8de une forte capacit\u00e9 de formation de colonies, tandis que Pediococcus acidilactici est reconnu pour son adaptation rapide aux conditions environnementales.<br \/>\nLactobacillus acidophilus est particuli\u00e8rement efficace pour \u00e9quilibrer le pH intestinal et prot\u00e9ger la muqueuse.<\/p>\n<p><strong>M\u00e9tabolisme actif et fermentation :<\/strong> Ces trois souches probiotiques m\u00e9tabolisent activement dans l\u2019intestin, produisant de l\u2019acide lactique et des compos\u00e9s antibact\u00e9riens. Cela permet de r\u00e9duire le pH intestinal et d&rsquo;inhiber la croissance de bact\u00e9ries nuisibles telles que Salmonella, E. coli et Clostridium.<br \/>\nEn tant que bact\u00e9ries lactiques, Lactobacillus et Pediococcus agissent rapidement, tandis que Bacillus subtilis assure une stabilit\u00e9 \u00e0 long terme.<br \/>\nElles nourrissent \u00e9galement la muqueuse intestinale, am\u00e9liorent l&rsquo;absorption des nutriments et aident \u00e0 pr\u00e9venir les troubles digestifs comme la diarrh\u00e9e.<\/p>\n<p><strong>Stimule la production d&rsquo;enzymes digestives :<\/strong> ProSafe stimule la production d\u2019enzymes digestives telles que l\u2019amylase, la prot\u00e9ase et la lipase, ce qui permet une digestion plus efficace des composants de l\u2019aliment. Cela am\u00e9liore l&rsquo;utilisation de l&rsquo;aliment et a un effet positif sur les performances de croissance.<\/p>\n<p><strong>Renforce le syst\u00e8me immunitaire :<\/strong> La sant\u00e9 intestinale est \u00e9troitement li\u00e9e au syst\u00e8me immunitaire. Les souches probiotiques de ProSafe soutiennent la muqueuse intestinale, formant une barri\u00e8re naturelle contre les maladies.<br \/>\nLactobacillus acidophilus et Pediococcus acidilactici sont connus pour leur capacit\u00e9 \u00e0 activer les cellules immunitaires et \u00e0 moduler les r\u00e9ponses anti-inflammatoires. Cela renforce la r\u00e9ponse immunitaire globale et r\u00e9duit le risque d&rsquo;infection.<\/p>\n<\/p><\/div>\n<div class=\"tab-content\">\n<p><strong>Conditionnement :<\/strong> Bidon de 2,5 L<\/p>\n<p><strong>Dosage :<\/strong> 0,5 L par tonne d&rsquo;eau de boisson ou d&rsquo;aliment<\/p>\n<\/p><\/div>\n<\/div>\n<p><script>\nfunction showTab(index) {\n  const tabs = document.querySelectorAll('.tab-content');\n  const buttons = document.querySelectorAll('.tab-btn');\n  tabs.forEach((tab, i) => {\n    tab.classList.toggle('active', i === index);\n  });\n  buttons.forEach((btn, i) => {\n    btn.classList.toggle('active', i === index);\n  });\n}\n<\/script><\/p>\n","protected":false},"excerpt":{"rendered":"<p><strong>Combinaison puissante de trois souches probiotiques diff\u00e9rentes.<\/strong><br \/>\nTout en am\u00e9liorant la digestion, ProSafe offre une d\u00e9fense naturelle contre les bact\u00e9ries nuisibles.<br \/>\nIl \u00e9quilibre le microbiote intestinal, r\u00e9duit la charge pathog\u00e8ne, renforce le syst\u00e8me immunitaire et am\u00e9liore l\u2019efficacit\u00e9 alimentaire pour soutenir les performances de croissance.<\/p>\n","protected":false},"featured_media":910,"template":"","meta":{"_acf_changed":false},"product_brand":[],"product_cat":[122,118],"product_tag":[139,143],"class_list":{"0":"post-909","1":"product","2":"type-product","3":"status-publish","4":"has-post-thumbnail","6":"product_cat-produits-naturels","7":"product_cat-soutien-digestif","8":"product_tag-liquide","9":"product_tag-probiotique","11":"first","12":"instock","13":"shipping-taxable","14":"product-type-simple"},"acf":[],"_links":{"self":[{"href":"https:\/\/san-mix.com\/fr\/wp-json\/wp\/v2\/product\/909","targetHints":{"allow":["GET"]}}],"collection":[{"href":"https:\/\/san-mix.com\/fr\/wp-json\/wp\/v2\/product"}],"about":[{"href":"https:\/\/san-mix.com\/fr\/wp-json\/wp\/v2\/types\/product"}],"wp:featuredmedia":[{"embeddable":true,"href":"https:\/\/san-mix.com\/fr\/wp-json\/wp\/v2\/media\/910"}],"wp:attachment":[{"href":"https:\/\/san-mix.com\/fr\/wp-json\/wp\/v2\/media?parent=909"}],"wp:term":[{"taxonomy":"product_brand","embeddable":true,"href":"https:\/\/san-mix.com\/fr\/wp-json\/wp\/v2\/product_brand?post=909"},{"taxonomy":"product_cat","embeddable":true,"href":"https:\/\/san-mix.com\/fr\/wp-json\/wp\/v2\/product_cat?post=909"},{"taxonomy":"product_tag","embeddable":true,"href":"https:\/\/san-mix.com\/fr\/wp-json\/wp\/v2\/product_tag?post=909"}],"curies":[{"name":"wp","href":"https:\/\/api.w.org\/{rel}","templated":true}]}}