{"id":926,"date":"2025-05-26T08:08:53","date_gmt":"2025-05-26T05:08:53","guid":{"rendered":"https:\/\/san-mix.com\/product\/virusafe-2\/"},"modified":"2025-06-27T16:55:14","modified_gmt":"2025-06-27T13:55:14","slug":"virusafe","status":"publish","type":"product","link":"https:\/\/san-mix.com\/fr\/product\/virusafe\/","title":{"rendered":"ViruSafe"},"content":{"rendered":"<style>\n.tab-buttons {\n  display: flex;\n  gap: 20px;\n  margin-bottom: 15px;\n  border-bottom: 2px solid #ddd;\n  flex-wrap: wrap;\n}\n.tab-btn {\n  all: unset;\n  cursor: pointer;\n  font-size: 18px;\n  font-weight: 500;\n  color: #434869;\n  padding: 8px 0;\n  position: relative;\n  background-color: transparent !important;\n}\n.tab-btn:hover {\n  color: #434869;\n  background-color: transparent !important;\n}\n.tab-btn.active {\n  color: #434869;\n  font-weight: 600;\n  background-color: transparent !important;\n}\n.tab-btn.active::after {\n  content: \"\";\n  position: absolute;\n  bottom: -2px;\n  left: 0;\n  right: 0;\n  height: 2px;\n  background-color: #434869;\n}\n.tab-content {\n  display: none;\n  padding: 10px 0;\n}\n.tab-content.active {\n  display: block;\n  margin-bottom: 20px;\n}\n<\/style>\n<div class=\"custom-tabs\">\n<div class=\"tab-buttons\">\n    <button class=\"tab-btn active\" onclick=\"showTab(0)\">Composition par 1 L<\/button><br \/>\n    <button class=\"tab-btn\" onclick=\"showTab(1)\">D\u00e9tails<\/button><br \/>\n    <button class=\"tab-btn\" onclick=\"showTab(2)\">Conditionnement \u2013 Utilisation<\/button>\n  <\/div>\n<div class=\"tab-content active\">\n<ul>\n<li>Extrait de Salix alba : 250 000 mg<\/li>\n<li>Extrait de Boswellia serrata : 100 000 mg<\/li>\n<li>Extrait d\u2019\u00e9chinac\u00e9e : 250 000 mg<\/li>\n<\/ul><\/div>\n<div class=\"tab-content\">\n<p><strong>Extrait de Salix Alba (\u00e9corce de saule blanc) :<\/strong><br \/>\n    Agit comme un antipyr\u00e9tique naturel, aidant \u00e0 contr\u00f4ler la fi\u00e8vre caus\u00e9e par les infections.<br \/>\n    Ses propri\u00e9t\u00e9s anti-inflammatoires r\u00e9duisent l&rsquo;inflammation, facilitant ainsi le cours de l&rsquo;infection.<br \/>\n    Fournit \u00e9galement un soulagement de la douleur, r\u00e9duisant l&rsquo;inconfort li\u00e9 \u00e0 la maladie.<\/p>\n<p><strong>Extrait de Boswellia Serrata :<\/strong><br \/>\n    Gr\u00e2ce \u00e0 ses puissants effets anti-inflammatoires, il aide \u00e0 pr\u00e9venir les r\u00e9actions excessives du syst\u00e8me immunitaire.<br \/>\n    Facilite la respiration pendant les infections respiratoires.<br \/>\n    Soutient la r\u00e9ponse immunitaire aux agents pathog\u00e8nes, r\u00e9duisant le risque d&rsquo;infection.<\/p>\n<p><strong>Extrait d\u2019\u00e9chinac\u00e9e :<\/strong><br \/>\n    Renforce naturellement le syst\u00e8me immunitaire pour prot\u00e9ger contre les infections.<br \/>\n    Ses propri\u00e9t\u00e9s antivirales et antibact\u00e9riennes aident \u00e0 inhiber la propagation des agents pathog\u00e8nes.<br \/>\n    Augmente la r\u00e9sistance aux maladies et acc\u00e9l\u00e8re la r\u00e9cup\u00e9ration.<\/p>\n<\/p><\/div>\n<div class=\"tab-content\">\n<p><strong>Conditionnement :<\/strong> Bouteille de 1 L<\/p>\n<p><strong>Dosage :<\/strong> 0,1\u20130,2 L par tonne d\u2019eau de boisson ou d\u2019aliment<\/p>\n<\/p><\/div>\n<\/div>\n<p><script>\nfunction showTab(index) {\n  const tabs = document.querySelectorAll('.tab-content');\n  const buttons = document.querySelectorAll('.tab-btn');\n  tabs.forEach((tab, i) => {\n    tab.classList.toggle('active', i === index);\n  });\n  buttons.forEach((btn, i) => {\n    btn.classList.toggle('active', i === index);\n  });\n}\n<\/script><\/p>\n","protected":false},"excerpt":{"rendered":"<p><strong>Immunit\u00e9 renforc\u00e9e gr\u00e2ce \u00e0 des ingr\u00e9dients naturels<\/strong><br \/>\nViruSafe renforce le syst\u00e8me immunitaire, offrant une protection contre les infections tout en r\u00e9duisant la fi\u00e8vre et l\u2019inflammation.<br \/>\nCette formule naturelle aide la volaille \u00e0 lutter plus efficacement contre les maladies et constitue un soutien id\u00e9al pendant les p\u00e9riodes de stress ou en cas de risque \u00e9lev\u00e9 d\u2019infection.<\/p>\n","protected":false},"featured_media":899,"template":"","meta":{"_acf_changed":false},"product_brand":[],"product_cat":[122,120,125],"product_tag":[145,134,146],"class_list":{"0":"post-926","1":"product","2":"type-product","3":"status-publish","4":"has-post-thumbnail","6":"product_cat-produits-naturels","7":"product_cat-soutien-du-systeme-immunitaire","8":"product_cat-soutien-respiratoire","9":"product_tag-froid","10":"product_tag-poulet-de-chair","11":"product_tag-stress-thermique","13":"first","14":"instock","15":"shipping-taxable","16":"product-type-simple"},"acf":[],"_links":{"self":[{"href":"https:\/\/san-mix.com\/fr\/wp-json\/wp\/v2\/product\/926","targetHints":{"allow":["GET"]}}],"collection":[{"href":"https:\/\/san-mix.com\/fr\/wp-json\/wp\/v2\/product"}],"about":[{"href":"https:\/\/san-mix.com\/fr\/wp-json\/wp\/v2\/types\/product"}],"wp:featuredmedia":[{"embeddable":true,"href":"https:\/\/san-mix.com\/fr\/wp-json\/wp\/v2\/media\/899"}],"wp:attachment":[{"href":"https:\/\/san-mix.com\/fr\/wp-json\/wp\/v2\/media?parent=926"}],"wp:term":[{"taxonomy":"product_brand","embeddable":true,"href":"https:\/\/san-mix.com\/fr\/wp-json\/wp\/v2\/product_brand?post=926"},{"taxonomy":"product_cat","embeddable":true,"href":"https:\/\/san-mix.com\/fr\/wp-json\/wp\/v2\/product_cat?post=926"},{"taxonomy":"product_tag","embeddable":true,"href":"https:\/\/san-mix.com\/fr\/wp-json\/wp\/v2\/product_tag?post=926"}],"curies":[{"name":"wp","href":"https:\/\/api.w.org\/{rel}","templated":true}]}}