{"id":692,"date":"2025-05-22T16:21:51","date_gmt":"2025-05-22T13:21:51","guid":{"rendered":"https:\/\/san-mix.com\/product\/prosafe\/"},"modified":"2025-09-18T13:15:41","modified_gmt":"2025-09-18T10:15:41","slug":"prosafe","status":"publish","type":"product","link":"https:\/\/san-mix.com\/tr\/product\/prosafe\/","title":{"rendered":"ProSafe"},"content":{"rendered":"<style>\n.tab-buttons {\n  display: flex;\n  gap: 20px;\n  margin-bottom: 15px;\n  border-bottom: 2px solid #ddd;\n  flex-wrap: wrap;\n}\n.tab-btn {\n  all: unset;\n  cursor: pointer;\n  font-size: 18px;\n  font-weight: 500;\n  color: #434869;\n  padding: 8px 0;\n  position: relative;\n  background-color: transparent !important;\n}\n.tab-btn:hover {\n  color: #434869;\n  background-color: transparent !important;\n}\n.tab-btn.active {\n  color: #434869;\n  font-weight: 600;\n  background-color: transparent !important;\n}\n.tab-btn.active::after {\n  content: \"\";\n  position: absolute;\n  bottom: -2px;\n  left: 0;\n  right: 0;\n  height: 2px;\n  background-color: #434869;\n}\n.tab-content {\n  display: none;\n  padding: 10px 0;\n}\n.tab-content.active {\n  display: block;\n  margin-bottom: 20px;\n}\n<\/style>\n<div class=\"custom-tabs\">\n<div class=\"tab-buttons\">\n    <button class=\"tab-btn active\" onclick=\"showTab(0)\">\u0130\u00e7eri\u011fi &#8211; 1L&#8217;de<\/button><br \/>\n<button class=\"tab-btn\" onclick=\"showTab(1)\">Detaylar<\/button><br \/>\n<button class=\"tab-btn\" onclick=\"showTab(2)\">Ambalaj &#8211; Kullan\u0131m Dozu<\/button>\n  <\/div>\n<div class=\"tab-content active\">\n<ul>\n<li>Bacillus subtilis: 1 \u00d7 10<sup>9<\/sup> UFC<\/li>\n<li>Lactobacillus acidophilus: 1 \u00d7 10<sup>9<\/sup> CFU<\/li>\n<li>Pediococcus acidilactici: 1 \u00d7 10<sup>9<\/sup> CFU<\/li>\n<\/ul><\/div>\n<div class=\"tab-content\">\n<p><strong>Hedefe Yo\u0308nelik Etki: <\/strong>ProSafe\u2019te yer alan Bacillus subtilis, spor formu sayesinde \u0131s\u0131, asidik ortam ve sindirim enzimlerine kars\u0327\u0131 yu\u0308ksek direnc\u0327 go\u0308sterir. Bu sayede mide asidini as\u0327arak bag\u0306\u0131rsakta aktif hale gelir.<br \/>Lactobacillus acidophilus ve Pediococcus acidilactici ise mide ve safraya dayan\u0131kl\u0131 canl\u0131 formlar\u0131yla dog\u0306rudan bag\u0306\u0131rsakta etkili olur.<\/p>\n<p> U\u0308c\u0327 sus\u0327un birlikte kullan\u0131m\u0131, sindirim sisteminin farkl\u0131 bo\u0308lgelerinde ve farkl\u0131 pH du\u0308zeylerinde etkinlik sag\u0306lar.<\/p>\n<p><strong>Sindirimde U\u0308stu\u0308n Performans:<\/strong> ProSafe, sindirim sistemine yu\u0308ksek adaptasyon kabiliyeti olan o\u0308zel sec\u0327ilmis\u0327 sus\u0327lar ic\u0327erir. Bu sus\u0327lar; bag\u0306\u0131rsakta tutunma, patojenleri bask\u0131lama ve sindirim enzimleri u\u0308retme kapasiteleriyle o\u0308ne c\u0327\u0131kar.<\/p>\n<p> Bacillus subtilis yu\u0308ksek koloni olus\u0327turma gu\u0308cu\u0308ne sahipken, Pediococcus acidilactici c\u0327evresel kos\u0327ullara h\u0131zl\u0131 adapte olma o\u0308zellig\u0306iyle tan\u0131n\u0131r. Lactobacillus acidophilus ise o\u0308zellikle bag\u0306\u0131rsak pH\u2019\u0131n\u0131 dengeleme ve mukozal koruma go\u0308revlerinde etkilidir. <\/p>\n<p><strong>Bag\u0306\u0131rsakta Aktif Metabolizma ve Fermantasyon: <\/strong>Bu u\u0308c\u0327 probiyotik sus\u0327, bag\u0306\u0131rsakta aktif metabolizma yoluyla laktik asit ve antibakteriyel biles\u0327ikler u\u0308retir. Bu, bag\u0306\u0131rsak pH\u2019\u0131n\u0131 du\u0308s\u0327u\u0308rerek Salmonella, E. coli ve Clostridium gibi zararl\u0131 bakterilerin c\u0327og\u0306almas\u0131n\u0131 bask\u0131lar. O\u0308zellikle laktik asit bakterileri olan Lactobacillus ve Pediococcus, bu etkiyi h\u0131zla ortaya c\u0327\u0131kar\u0131rken; Bacillus subtilis uzun su\u0308reli denge sag\u0306lar. Ayn\u0131 zamanda bag\u0306\u0131rsak mukozas\u0131n\u0131 besleyerek besin emilimini art\u0131r\u0131r ve ishal gibi sindirim problemlerinin o\u0308nu\u0308ne gec\u0327er.   <\/p>\n<p><strong>Sindirim Enzimlerinin U\u0308retimini Art\u0131r\u0131r:<\/strong> ProSafe, o\u0308zellikle amilaz, proteaz ve lipaz gibi enzimlerin u\u0308retimini tes\u0327vik ederek yem biles\u0327enlerinin daha etkili sindirilmesini sag\u0306lar. <\/p>\n<p><strong>Bag\u0306\u0131s\u0327\u0131kl\u0131k Sistemini Gu\u0308c\u0327lendirir: <\/strong>Bag\u0306\u0131rsak sag\u0306l\u0131g\u0306\u0131, bag\u0306\u0131s\u0327\u0131kl\u0131k sistemiyle dog\u0306rudan ilis\u0327kilidir. ProSafe\u2019teki probiyotik sus\u0327lar, bag\u0306\u0131rsak mukozas\u0131n\u0131 destekleyerek hastal\u0131klara kars\u0327\u0131 dog\u0306al bir bariyer olus\u0327turur.<\/p>\n<p>Lactobacillus acidophilus ve Pediococcus acidilactici, bag\u0306\u0131s\u0327\u0131kl\u0131k hu\u0308crelerini uyarma ve anti-inflamatuvar yan\u0131t\u0131 modu\u0308le etme potansiyeliyle tan\u0131n\u0131r. Bo\u0308ylece genel bag\u0306\u0131s\u0327\u0131kl\u0131k yan\u0131t\u0131 gu\u0308c\u0327lenir, enfeksiyon riski azal\u0131r. <\/p>\n<\/p><\/div>\n<div class=\"tab-content\">\n<p><strong>Ambalaj:<\/strong> 2,5 L bidon<\/p>\n<p><strong>Kullan\u0131m Dozu:<\/strong> 1 Ton ic\u0327me suyu veya yeme 0,5 L<\/p>\n<\/p><\/div>\n<\/div>\n<p><script>\nfunction showTab(index) {\n  const tabs = document.querySelectorAll('.tab-content');\n  const buttons = document.querySelectorAll('.tab-btn');\n  tabs.forEach((tab, i) => {\n    tab.classList.toggle('active', i === index);\n  });\n  buttons.forEach((btn, i) => {\n    btn.classList.toggle('active', i === index);\n  });\n}\n<\/script><\/p>\n","protected":false},"excerpt":{"rendered":"<p> ProSafe, u\u0308c\u0327 farkl\u0131 probiyotik sus\u0327un gu\u0308c\u0327lu\u0308 birles\u0327imiyle kapsaml\u0131 bir koruma sunuyor. ProSafe, sindirimi iyiles\u0327tirirken zararl\u0131 bakterilere kars\u0327\u0131 dog\u0306al bir savunma olus\u0327turur. Bag\u0306\u0131rsak floras\u0131n\u0131 dengeleyerek patojen yu\u0308ku\u0308nu\u0308 azalt\u0131r, bag\u0306\u0131s\u0327\u0131kl\u0131k sistemini gu\u0308c\u0327lendirir ve yemden yararlanmay\u0131 art\u0131rarak bu\u0308yu\u0308me performans\u0131n\u0131 destekler.  <\/p>\n","protected":false},"featured_media":753,"template":"","meta":{"_acf_changed":false},"product_brand":[],"product_cat":[79,73],"product_tag":[98,76],"class_list":{"0":"post-692","1":"product","2":"type-product","3":"status-publish","4":"has-post-thumbnail","6":"product_cat-dogal-icerikli-urunler","7":"product_cat-sindirim-destegi","8":"product_tag-probiyotik","9":"product_tag-sivi-form","11":"first","12":"instock","13":"shipping-taxable","14":"product-type-simple"},"acf":[],"_links":{"self":[{"href":"https:\/\/san-mix.com\/tr\/wp-json\/wp\/v2\/product\/692","targetHints":{"allow":["GET"]}}],"collection":[{"href":"https:\/\/san-mix.com\/tr\/wp-json\/wp\/v2\/product"}],"about":[{"href":"https:\/\/san-mix.com\/tr\/wp-json\/wp\/v2\/types\/product"}],"wp:featuredmedia":[{"embeddable":true,"href":"https:\/\/san-mix.com\/tr\/wp-json\/wp\/v2\/media\/753"}],"wp:attachment":[{"href":"https:\/\/san-mix.com\/tr\/wp-json\/wp\/v2\/media?parent=692"}],"wp:term":[{"taxonomy":"product_brand","embeddable":true,"href":"https:\/\/san-mix.com\/tr\/wp-json\/wp\/v2\/product_brand?post=692"},{"taxonomy":"product_cat","embeddable":true,"href":"https:\/\/san-mix.com\/tr\/wp-json\/wp\/v2\/product_cat?post=692"},{"taxonomy":"product_tag","embeddable":true,"href":"https:\/\/san-mix.com\/tr\/wp-json\/wp\/v2\/product_tag?post=692"}],"curies":[{"name":"wp","href":"https:\/\/api.w.org\/{rel}","templated":true}]}}