{"id":711,"date":"2025-05-26T07:13:14","date_gmt":"2025-05-26T04:13:14","guid":{"rendered":"https:\/\/san-mix.com\/product\/gutsafe\/"},"modified":"2025-06-13T09:10:51","modified_gmt":"2025-06-13T06:10:51","slug":"gutsafe","status":"publish","type":"product","link":"https:\/\/san-mix.com\/tr\/product\/gutsafe\/","title":{"rendered":"GutSafe"},"content":{"rendered":"<style>\n.tab-buttons {\n  display: flex;\n  gap: 20px;\n  margin-bottom: 15px;\n  border-bottom: 2px solid #ddd;\n  flex-wrap: wrap;\n}\n.tab-btn {\n  all: unset;\n  cursor: pointer;\n  font-size: 18px;\n  font-weight: 500;\n  color: #434869;\n  padding: 8px 0;\n  position: relative;\n  background-color: transparent !important;\n}\n.tab-btn:hover {\n  color: #434869;\n  background-color: transparent !important;\n}\n.tab-btn.active {\n  color: #434869;\n  font-weight: 600;\n  background-color: transparent !important;\n}\n.tab-btn.active::after {\n  content: \"\";\n  position: absolute;\n  bottom: -2px;\n  left: 0;\n  right: 0;\n  height: 2px;\n  background-color: #434869;\n}\n.tab-content {\n  display: none;\n  padding: 10px 0;\n}\n.tab-content.active {\n  display: block;\n  margin-bottom: 20px;\n}\n<\/style>\n<div class=\"custom-tabs\">\n<div class=\"tab-buttons\">\n    <button class=\"tab-btn active\" onclick=\"showTab(0)\">\u0130\u00e7eri\u011fi &#8211; 1L&#8217;de<\/button><br \/>\n<button class=\"tab-btn\" onclick=\"showTab(1)\">Detaylar<\/button><br \/>\n<button class=\"tab-btn\" onclick=\"showTab(2)\">Ambalaj &#8211; Kullan\u0131m Dozu<\/button>\n  <\/div>\n<div class=\"tab-content active\">\n<ul>\n<li>Oregano yag\u0306\u0131: 250,000 mg<\/li>\n<li>Sar\u0131msak yag\u0306\u0131: 250,000 mg<\/li>\n<li>Karanfil yag\u0306\u0131: 100,000 mg<\/li>\n<\/ul><\/div>\n<div class=\"tab-content\">\n<p> <strong>Oregano Yag\u0306\u0131: <\/strong>Gu\u0308c\u0327lu\u0308 antimikrobiyal ve antifungal o\u0308zelliklere sahiptir. Bag\u0306\u0131rsak floras\u0131n\u0131 destekleyerek zararl\u0131 bakterilere kars\u0327\u0131 koruma sag\u0306lar. Sindirim enzimlerinin salg\u0131lanmas\u0131n\u0131 tes\u0327vik ederek yem sindirimini iyiles\u0327tirir.  <\/p>\n<p><strong>Sar\u0131msak Yag\u0306\u0131:<\/strong> Dog\u0306al antibiyotik etkisi sayesinde bag\u0306\u0131rsak sag\u0306l\u0131g\u0306\u0131n\u0131 destekler. Amonyak olus\u0327umunu azaltarak sindirimi olus\u0327turur. Yemden yararlanma oran\u0131n\u0131 art\u0131rarak b\u00fcy\u00fcme performans\u0131n\u0131 iyiles\u0327tirir. Bag\u0306\u0131s\u0327\u0131kl\u0131k sistemini g\u00fc\u00e7lendirerek enfeksiyon riskini azalt\u0131r.  <\/p>\n<p><strong>Karanfil Yag\u0306\u0131: <\/strong>Antiseptik o\u0308zellikleriyle bilinir. Bag\u0306\u0131rsaktaki zararl\u0131 mikroorganizmalar\u0131n kontrol alt\u0131na al\u0131nmas\u0131na yard\u0131mc\u0131 olur. Yemden yararlanmay\u0131 art\u0131rarak bu\u0308yu\u0308meyi destekler. Bag\u0306\u0131rsak floras\u0131n\u0131 dengeleyerek sag\u0306l\u0131kl\u0131 bir mikrobiyotay\u0131 destekler   <\/p>\n<\/p><\/div>\n<div class=\"tab-content\">\n<p><strong>Ambalaj:<\/strong>1 L \u015fi\u015fe<\/p>\n<p><strong>Kullan\u0131m Dozu: <\/strong>1 Ton ic\u0327me suyu veya yeme 0,1-0,2 L<\/p>\n<\/p><\/div>\n<\/div>\n<p><script>\nfunction showTab(index) {\n  const tabs = document.querySelectorAll('.tab-content');\n  const buttons = document.querySelectorAll('.tab-btn');\n  tabs.forEach((tab, i) => {\n    tab.classList.toggle('active', i === index);\n  });\n  buttons.forEach((btn, i) => {\n    btn.classList.toggle('active', i === index);\n  });\n}\n<\/script><\/p>\n","protected":false},"excerpt":{"rendered":"<p><strong>Do\u011fal Sindirim Sistemi Deste\u011fi<\/strong><br \/>\nOregano, Sar\u0131msak ve Karanfil Yag\u0306lar\u0131n\u0131n Gu\u0308cu\u0308. GutSafe, dog\u0306al biles\u0327enlerin gu\u0308cu\u0308nden faydalanarak sindirim sag\u0306l\u0131g\u0306\u0131n\u0131 destekler ve hayvanlar\u0131n daha sag\u0306l\u0131kl\u0131 bu\u0308yu\u0308mesine katk\u0131 sag\u0306lar. <\/p>\n","protected":false},"featured_media":609,"template":"","meta":{"_acf_changed":false},"product_brand":[],"product_cat":[79,73],"product_tag":[75,92,76,74],"class_list":{"0":"post-711","1":"product","2":"type-product","3":"status-publish","4":"has-post-thumbnail","6":"product_cat-dogal-icerikli-urunler","7":"product_cat-sindirim-destegi","8":"product_tag-damizlik","9":"product_tag-etlik-pilic","10":"product_tag-sivi-form","11":"product_tag-yumurtaci","13":"first","14":"instock","15":"shipping-taxable","16":"product-type-simple"},"acf":[],"_links":{"self":[{"href":"https:\/\/san-mix.com\/tr\/wp-json\/wp\/v2\/product\/711","targetHints":{"allow":["GET"]}}],"collection":[{"href":"https:\/\/san-mix.com\/tr\/wp-json\/wp\/v2\/product"}],"about":[{"href":"https:\/\/san-mix.com\/tr\/wp-json\/wp\/v2\/types\/product"}],"wp:featuredmedia":[{"embeddable":true,"href":"https:\/\/san-mix.com\/tr\/wp-json\/wp\/v2\/media\/609"}],"wp:attachment":[{"href":"https:\/\/san-mix.com\/tr\/wp-json\/wp\/v2\/media?parent=711"}],"wp:term":[{"taxonomy":"product_brand","embeddable":true,"href":"https:\/\/san-mix.com\/tr\/wp-json\/wp\/v2\/product_brand?post=711"},{"taxonomy":"product_cat","embeddable":true,"href":"https:\/\/san-mix.com\/tr\/wp-json\/wp\/v2\/product_cat?post=711"},{"taxonomy":"product_tag","embeddable":true,"href":"https:\/\/san-mix.com\/tr\/wp-json\/wp\/v2\/product_tag?post=711"}],"curies":[{"name":"wp","href":"https:\/\/api.w.org\/{rel}","templated":true}]}}