{"id":720,"date":"2025-05-26T07:56:57","date_gmt":"2025-05-26T04:56:57","guid":{"rendered":"https:\/\/san-mix.com\/product\/menthosafe\/"},"modified":"2025-06-13T09:09:22","modified_gmt":"2025-06-13T06:09:22","slug":"menthosafe","status":"publish","type":"product","link":"https:\/\/san-mix.com\/tr\/product\/menthosafe\/","title":{"rendered":"MenthoSafe"},"content":{"rendered":"<style>\n.tab-buttons {\n  display: flex;\n  gap: 20px;\n  margin-bottom: 15px;\n  border-bottom: 2px solid #ddd;\n  flex-wrap: wrap;\n}\n.tab-btn {\n  all: unset;\n  cursor: pointer;\n  font-size: 18px;\n  font-weight: 500;\n  color: #434869;\n  padding: 8px 0;\n  position: relative;\n  background-color: transparent !important;\n}\n.tab-btn:hover {\n  color: #434869;\n  background-color: transparent !important;\n}\n.tab-btn.active {\n  color: #434869;\n  font-weight: 600;\n  background-color: transparent !important;\n}\n.tab-btn.active::after {\n  content: \"\";\n  position: absolute;\n  bottom: -2px;\n  left: 0;\n  right: 0;\n  height: 2px;\n  background-color: #434869;\n}\n.tab-content {\n  display: none;\n  padding: 10px 0;\n}\n.tab-content.active {\n  display: block;\n  margin-bottom: 20px;\n}\n<\/style>\n<div class=\"custom-tabs\">\n<div class=\"tab-buttons\">\n    <button class=\"tab-btn active\" onclick=\"showTab(0)\">\u0130\u00e7eri\u011fi &#8211; 1L&#8217;de<\/button><br \/>\n<button class=\"tab-btn\" onclick=\"showTab(1)\">Detaylar<\/button><br \/>\n<button class=\"tab-btn\" onclick=\"showTab(2)\">Ambalaj &#8211; Kullan\u0131m Dozu<\/button>\n  <\/div>\n<div class=\"tab-content active\">\n<ul>\n<li>Okalipt\u00fcs ya\u011f\u0131: 150,000 mg<\/li>\n<li>Nane ya\u011f\u0131: 100,000 mg<\/li>\n<li>Kekik ya\u011f\u0131: 25.000 mg<\/li>\n<\/ul><\/div>\n<div class=\"tab-content\">\n<p><strong>Okaliptu\u0308s Yag\u0306\u0131: <\/strong>Solunum yollar\u0131n\u0131 ac\u0327arak rahat nefes almay\u0131 destekler. Balgam\u0131n at\u0131lmas\u0131n\u0131 kolaylas\u0327t\u0131rarak t\u0131kan\u0131kl\u0131klar\u0131 giderir. Antibakteriyel ve antiviral o\u0308zellikleriyle solunum yollar\u0131n\u0131 korur.  <\/p>\n<p><strong>Nane Yag\u0306\u0131:<\/strong> Serinletici etkisiyle solunum sistemini rahatlat\u0131r. Stresin neden oldug\u0306u solunum s\u0131k\u0131nt\u0131lar\u0131n\u0131 hafifletir. Dog\u0306al antioksidan ic\u0327erig\u0306i ile bag\u0306\u0131s\u0327\u0131kl\u0131k sistemini destekler.  <\/p>\n<p><strong>Kekik Yag\u0306\u0131: <\/strong>Gu\u0308c\u0327lu\u0308 antimikrobiyal etkisiyle solunum yollar\u0131ndaki patojenlere kars\u0327\u0131 koruma sag\u0306lar. Balgam so\u0308ktu\u0308ru\u0308cu\u0308 o\u0308zellig\u0306i ile hava yollar\u0131n\u0131 temizler. Solunum yolu enfeksiyonlar\u0131n\u0131n iyiles\u0327me su\u0308recini h\u0131zland\u0131r\u0131r.  <\/p>\n<\/p><\/div>\n<div class=\"tab-content\">\n<p><strong>Ambalaj: <\/strong>1 L \u015fi\u015fe<\/p>\n<p><strong>Kullan\u0131m Dozu:<\/strong> 1 Ton ic\u0327me suyu veya yeme 0,25 L<\/p>\n<\/p><\/div>\n<\/div>\n<p><script>\nfunction showTab(index) {\n  const tabs = document.querySelectorAll('.tab-content');\n  const buttons = document.querySelectorAll('.tab-btn');\n  tabs.forEach((tab, i) => {\n    tab.classList.toggle('active', i === index);\n  });\n  buttons.forEach((btn, i) => {\n    btn.classList.toggle('active', i === index);\n  });\n}\n<\/script><\/p>\n","protected":false},"excerpt":{"rendered":"<p><strong>Solunum Sag\u0306l\u0131g\u0306\u0131n\u0131 Dog\u0306al Yollarla Destekleyin<\/strong><br \/>\nMenthoSafe, solunum yollar\u0131n\u0131n temizlenmesine ve rahatlat\u0131lmas\u0131na yard\u0131mc\u0131 olurken, bag\u0306\u0131s\u0327\u0131kl\u0131k sisteminin gu\u0308c\u0327lenmesine katk\u0131da bulunur. O\u0308zellikle hava deg\u0306is\u0327iklikleri, stres ve enfeksiyonlara kars\u0327\u0131 hayvanlar\u0131n direncini art\u0131rarak sag\u0306l\u0131kl\u0131 bir yetis\u0327tirme ortam\u0131 sag\u0306lar.<\/p>\n","protected":false},"featured_media":612,"template":"","meta":{"_acf_changed":false},"product_brand":[],"product_cat":[79,82],"product_tag":[100,101],"class_list":{"0":"post-720","1":"product","2":"type-product","3":"status-publish","4":"has-post-thumbnail","6":"product_cat-dogal-icerikli-urunler","7":"product_cat-solunum-sistemi-destegi","8":"product_tag-sicak-stresi","9":"product_tag-stres","11":"first","12":"instock","13":"shipping-taxable","14":"product-type-simple"},"acf":[],"_links":{"self":[{"href":"https:\/\/san-mix.com\/tr\/wp-json\/wp\/v2\/product\/720","targetHints":{"allow":["GET"]}}],"collection":[{"href":"https:\/\/san-mix.com\/tr\/wp-json\/wp\/v2\/product"}],"about":[{"href":"https:\/\/san-mix.com\/tr\/wp-json\/wp\/v2\/types\/product"}],"wp:featuredmedia":[{"embeddable":true,"href":"https:\/\/san-mix.com\/tr\/wp-json\/wp\/v2\/media\/612"}],"wp:attachment":[{"href":"https:\/\/san-mix.com\/tr\/wp-json\/wp\/v2\/media?parent=720"}],"wp:term":[{"taxonomy":"product_brand","embeddable":true,"href":"https:\/\/san-mix.com\/tr\/wp-json\/wp\/v2\/product_brand?post=720"},{"taxonomy":"product_cat","embeddable":true,"href":"https:\/\/san-mix.com\/tr\/wp-json\/wp\/v2\/product_cat?post=720"},{"taxonomy":"product_tag","embeddable":true,"href":"https:\/\/san-mix.com\/tr\/wp-json\/wp\/v2\/product_tag?post=720"}],"curies":[{"name":"wp","href":"https:\/\/api.w.org\/{rel}","templated":true}]}}