{"id":727,"date":"2025-05-26T10:48:19","date_gmt":"2025-05-26T07:48:19","guid":{"rendered":"https:\/\/san-mix.com\/product\/vitasafe-toz\/"},"modified":"2025-06-13T08:28:41","modified_gmt":"2025-06-13T05:28:41","slug":"vitasafe-toz","status":"publish","type":"product","link":"https:\/\/san-mix.com\/tr\/product\/vitasafe-toz\/","title":{"rendered":"VitaSafe Toz"},"content":{"rendered":"<style>\n.tab-buttons {\n  display: flex;\n  gap: 20px;\n  margin-bottom: 15px;\n  border-bottom: 2px solid #ddd;\n  flex-wrap: wrap;\n}\n.tab-btn {\n  all: unset;\n  cursor: pointer;\n  font-size: 18px;\n  font-weight: 500;\n  color: #434869;\n  padding: 8px 0;\n  position: relative;\n  background-color: transparent !important;\n}\n.tab-btn:hover {\n  color: #434869;\n  background-color: transparent !important;\n}\n.tab-btn.active {\n  color: #434869;\n  font-weight: 600;\n  background-color: transparent !important;\n}\n.tab-btn.active::after {\n  content: \"\";\n  position: absolute;\n  bottom: -2px;\n  left: 0;\n  right: 0;\n  height: 2px;\n  background-color: #434869;\n}\n.tab-content {\n  display: none;\n  padding: 10px 0;\n}\n.tab-content.active {\n  display: block;\n  margin-bottom: 20px;\n}\n<\/style>\n<div class=\"custom-tabs\">\n<div class=\"tab-buttons\">\n    <button class=\"tab-btn active\" onclick=\"showTab(0)\">\u0130\u00e7eri\u011fi &#8211; 1kg&#8217;de<\/button><br \/>\n    <button class=\"tab-btn\" onclick=\"showTab(1)\">Detaylar<\/button><br \/>\n    <button class=\"tab-btn\" onclick=\"showTab(2)\">Ambalaj &#8211; Kullan\u0131m Dozu<\/button>\n  <\/div>\n<div class=\"tab-content active\">\n<ul>\n<li>A Vitamini: 25.000.000 IU<\/li>\n<li>D3 Vitamini: 6.000.000 IU<\/li>\n<li>E Vitamini: 40.000 mg<\/li>\n<li>C Vitamini: 100.000 mg<\/li>\n<li>K3 Vitamini: 10.000 mg<\/li>\n<li>Niasin: 50.000 mg<\/li>\n<li>B5 Vitamini: 30.000 mg<\/li>\n<li>B2 Vitamini: 10.000 mg<\/li>\n<li>B6 Vitamini: 10.000 mg<\/li>\n<li>B1 Vitamini: 20.000 mg<\/li>\n<li>Folik asit: 5.000 mg<\/li>\n<li>Biotin: 200 mg<\/li>\n<li>B12 Vitamini: 50 mg<\/li>\n<\/ul><\/div>\n<div class=\"tab-content\">\n<p><strong>A Vitamini:<\/strong> G\u00f6rme, deri ve mukozal doku sa\u011fl\u0131\u011f\u0131n\u0131 korur.<br \/>Ba\u011f\u0131\u015f\u0131kl\u0131k sistemini g\u00fc\u00e7lendirerek enfeksiyonlara kar\u015f\u0131 direnci art\u0131r\u0131r. \u00dcreme sa\u011fl\u0131\u011f\u0131 ve embriyo geli\u015fimi i\u00e7in gereklidir.<\/p>\n<p><strong>D3 Vitamini:<\/strong> Kalsiyum ve fosfor metabolizmas\u0131n\u0131 d\u00fczenleyerek kemik geli\u015fimini ve yumurta kabuk kalitesini iyile\u015ftirir. Ra\u015fitizm ve kemik deformasyonlar\u0131n\u0131 \u00f6nler.<br \/>Kas fonksiyonlar\u0131n\u0131 destekler ve stres tolerans\u0131n\u0131 art\u0131r\u0131r.<\/p>\n<p><strong>E Vitamini:<\/strong> G\u00fc\u00e7l\u00fc antioksidan etkisiyle h\u00fccresel hasar\u0131 \u00f6nler.<br \/>Ba\u011f\u0131\u015f\u0131kl\u0131k sistemini destekleyerek hastal\u0131klarla m\u00fccadelede \u00f6nemli rol oynar. \u00dcreme performans\u0131n\u0131 art\u0131r\u0131r ve yumurta kalitesini iyile\u015ftirir.<\/p>\n<p><strong>K3 Vitamini:<\/strong> Kan p\u0131ht\u0131la\u015fmas\u0131n\u0131 d\u00fczenleyerek i\u00e7 kanama riskini azalt\u0131r.<br \/>Kemik sa\u011fl\u0131\u011f\u0131n\u0131 destekleyerek iskelet geli\u015fimine katk\u0131da bulunur.<\/p>\n<p><strong>B Grubu Vitaminleri:<\/strong><br \/>\n      <strong>B1 Vitamini (Tiamin):<\/strong> Sinir sistemi ve enerji metabolizmas\u0131n\u0131 d\u00fczenler, i\u015ftah\u0131 art\u0131r\u0131r.<br \/>\n      <strong>B2 Vitamini (Riboflavin):<\/strong> B\u00fcy\u00fcme ve t\u00fcy sa\u011fl\u0131\u011f\u0131n\u0131 destekler, sindirim sistemi fonksiyonlar\u0131n\u0131 iyile\u015ftirir.<br \/>\n      <strong>B5 Vitamini (Pantotenik Asit):<\/strong> Karaci\u011fer fonksiyonlar\u0131n\u0131 destekler, strese kar\u015f\u0131 dayan\u0131kl\u0131l\u0131\u011f\u0131 art\u0131r\u0131r.<br \/>\n      <strong>B6 Vitamini (Piridoksin):<\/strong> Protein metabolizmas\u0131n\u0131 d\u00fczenler, sinir sistemi sa\u011fl\u0131\u011f\u0131n\u0131 korur.<br \/>\n      <strong>B12 Vitamini (Kobalamin):<\/strong> K\u0131rm\u0131z\u0131 kan h\u00fccrelerinin \u00fcretimini destekler, sinir ve kas fonksiyonlar\u0131n\u0131 iyile\u015ftirir.<br \/>\n      <strong>Niasin (B3 Vitamini):<\/strong> Sindirim sistemini korur, b\u00fcy\u00fcmeyi ve enerji \u00fcretimini destekler.<br \/>\n      <strong>Folik Asit (B9 Vitamini):<\/strong> Kan h\u00fccresi \u00fcretimini destekleyerek ba\u011f\u0131\u015f\u0131kl\u0131k sistemini g\u00fc\u00e7lendirir.<br \/>\n      <strong>Biotin (B7 Vitamini):<\/strong> T\u00fcy sa\u011fl\u0131\u011f\u0131n\u0131 iyile\u015ftirir, cilt ve pen\u00e7e sa\u011fl\u0131\u011f\u0131n\u0131 destekler.\n    <\/p>\n<p><strong>C Vitamini (Askorbik Asit):<\/strong> Ba\u011f\u0131\u015f\u0131kl\u0131k sistemini g\u00fc\u00e7lendirerek enfeksiyonlara kar\u015f\u0131 koruma sa\u011flar. Antioksidan etkisiyle h\u00fccreleri serbest radikallerin zararlar\u0131ndan korur. Stres ve y\u00fcksek s\u0131cakl\u0131k gibi \u00e7evresel fakt\u00f6rlere kar\u015f\u0131 dayan\u0131kl\u0131l\u0131\u011f\u0131 art\u0131r\u0131r. Demir emilimini art\u0131rarak kan sa\u011fl\u0131\u011f\u0131n\u0131 destekler ve anemi riskini azalt\u0131r. H\u00fccre yenilenmesini te\u015fvik ederek b\u00fcy\u00fcme ve doku onar\u0131m\u0131na katk\u0131da bulunur.<\/p>\n<\/p><\/div>\n<div class=\"tab-content\">\n<p><strong>Ambalaj:<\/strong> 10 adet 100 g \u015fase<\/p>\n<p><strong>Kullan\u0131m Dozu:<\/strong> 400 litre i\u00e7me suyu veya yeme 100 gram<\/p>\n<\/p><\/div>\n<\/div>\n<p><script>\nfunction showTab(index) {\n  const tabs = document.querySelectorAll('.tab-content');\n  const buttons = document.querySelectorAll('.tab-btn');\n  tabs.forEach((tab, i) => {\n    tab.classList.toggle('active', i === index);\n  });\n  buttons.forEach((btn, i) => {\n    btn.classList.toggle('active', i === index);\n  });\n}\n<\/script><\/p>\n","protected":false},"excerpt":{"rendered":"<p><strong>Dengeli Beslenme, Gu\u0308c\u0327lu\u0308 Bag\u0306\u0131s\u0327\u0131kl\u0131k ve Yu\u0308ksek Verim<\/strong><br \/>\nKu\u0308mes hayvanlar\u0131n\u0131n h\u0131zl\u0131 bu\u0308yu\u0308me, yumurta verimi, bag\u0306\u0131s\u0327\u0131kl\u0131k sistemi ve genel sag\u0306l\u0131g\u0306\u0131 ic\u0327in gu\u0308nlu\u0308k vitamin ihtiyac\u0131n\u0131n eksiksiz kars\u0327\u0131lanmas\u0131 bu\u0308yu\u0308k o\u0308nem tas\u0327\u0131r. Vitamin eksiklikleri, bu\u0308yu\u0308me gerilig\u0306i, bag\u0306\u0131s\u0327\u0131kl\u0131k zay\u0131fl\u0131g\u0306\u0131, yumurta u\u0308retiminde du\u0308s\u0327u\u0308s\u0327 ve stres kaynakl\u0131 sag\u0306l\u0131k sorunlar\u0131na yol ac\u0327abilir. VitaSafe, hayvanlar\u0131n tu\u0308m yas\u0327amsal fonksiyonlar\u0131n\u0131 destekleyerek yu\u0308ksek performans ve dayan\u0131kl\u0131l\u0131k sag\u0306lar. <\/p>\n","protected":false},"featured_media":621,"template":"","meta":{"_acf_changed":false},"product_brand":[],"product_cat":[84],"product_tag":[90,75,92,97,74],"class_list":{"0":"post-727","1":"product","2":"type-product","3":"status-publish","4":"has-post-thumbnail","6":"product_cat-vitaminler","7":"product_tag-100-g-sase","8":"product_tag-damizlik","9":"product_tag-etlik-pilic","10":"product_tag-toz-form","11":"product_tag-yumurtaci","13":"first","14":"instock","15":"shipping-taxable","16":"product-type-variable"},"acf":[],"_links":{"self":[{"href":"https:\/\/san-mix.com\/tr\/wp-json\/wp\/v2\/product\/727","targetHints":{"allow":["GET"]}}],"collection":[{"href":"https:\/\/san-mix.com\/tr\/wp-json\/wp\/v2\/product"}],"about":[{"href":"https:\/\/san-mix.com\/tr\/wp-json\/wp\/v2\/types\/product"}],"wp:featuredmedia":[{"embeddable":true,"href":"https:\/\/san-mix.com\/tr\/wp-json\/wp\/v2\/media\/621"}],"wp:attachment":[{"href":"https:\/\/san-mix.com\/tr\/wp-json\/wp\/v2\/media?parent=727"}],"wp:term":[{"taxonomy":"product_brand","embeddable":true,"href":"https:\/\/san-mix.com\/tr\/wp-json\/wp\/v2\/product_brand?post=727"},{"taxonomy":"product_cat","embeddable":true,"href":"https:\/\/san-mix.com\/tr\/wp-json\/wp\/v2\/product_cat?post=727"},{"taxonomy":"product_tag","embeddable":true,"href":"https:\/\/san-mix.com\/tr\/wp-json\/wp\/v2\/product_tag?post=727"}],"curies":[{"name":"wp","href":"https:\/\/api.w.org\/{rel}","templated":true}]}}