{"id":729,"date":"2025-05-27T07:23:48","date_gmt":"2025-05-27T04:23:48","guid":{"rendered":"https:\/\/san-mix.com\/product\/mitesafe\/"},"modified":"2025-06-13T08:25:28","modified_gmt":"2025-06-13T05:25:28","slug":"mitesafe","status":"publish","type":"product","link":"https:\/\/san-mix.com\/tr\/product\/mitesafe\/","title":{"rendered":"MiteSafe"},"content":{"rendered":"<style>\n.tab-buttons {\n  display: flex;\n  gap: 20px;\n  margin-bottom: 15px;\n  border-bottom: 2px solid #ddd;\n  flex-wrap: wrap;\n}\n.tab-btn {\n  all: unset;\n  cursor: pointer;\n  font-size: 18px;\n  font-weight: 500;\n  color: #434869;\n  padding: 8px 0;\n  position: relative;\n  background-color: transparent !important;\n}\n.tab-btn:hover {\n  color: #434869;\n  background-color: transparent !important;\n}\n.tab-btn.active {\n  color: #434869;\n  font-weight: 600;\n  background-color: transparent !important;\n}\n.tab-btn.active::after {\n  content: \"\";\n  position: absolute;\n  bottom: -2px;\n  left: 0;\n  right: 0;\n  height: 2px;\n  background-color: #434869;\n}\n.tab-content {\n  display: none;\n  padding: 10px 0;\n}\n.tab-content.active {\n  display: block;\n  margin-bottom: 20px;\n}\n<\/style>\n<div class=\"custom-tabs\">\n<div class=\"tab-buttons\">\n    <button class=\"tab-btn active\" onclick=\"showTab(0)\">\u0130\u00e7eri\u011fi &#8211; 1L&#8217;de<\/button><br \/>\n    <button class=\"tab-btn\" onclick=\"showTab(1)\">Detaylar<\/button><br \/>\n    <button class=\"tab-btn\" onclick=\"showTab(2)\">Ambalaj &#8211; Kullan\u0131m Dozu<\/button>\n  <\/div>\n<div class=\"tab-content active\">\n<ul>\n<li>Kafur ya\u011f\u0131: 25.000 mg<\/li>\n<li>Limon otu ya\u011f\u0131: 12.500 mg<\/li>\n<li>Kekik ya\u011f\u0131: 12.500 mg<\/li>\n<li>Karanfil ya\u011f\u0131: 12.500 mg<\/li>\n<li>Fesle\u011fen ya\u011f\u0131: 7.500 mg<\/li>\n<\/ul><\/div>\n<div class=\"tab-content\">\n<p><strong>Kafur Ya\u011f\u0131:<\/strong> G\u00fc\u00e7l\u00fc bir do\u011fal itici etkiye sahiptir. K\u0131rm\u0131z\u0131 bitleri uzakla\u015ft\u0131rarak s\u00fcr\u00fclerin rahatlamas\u0131n\u0131 sa\u011flar. Ayn\u0131 zamanda solunum yollar\u0131n\u0131 a\u00e7\u0131c\u0131 etkisiyle kanatl\u0131lar\u0131n daha rahat nefes almas\u0131na yard\u0131mc\u0131 olur.<\/p>\n<p><strong>Limon Otu Ya\u011f\u0131:<\/strong> K\u0131rm\u0131z\u0131 bitler \u00fczerinde cayd\u0131r\u0131c\u0131 bir etkiye sahiptir. Ferahlat\u0131c\u0131 kokusuyla stres seviyesini azalt\u0131r ve hayvanlar\u0131n genel sa\u011fl\u0131\u011f\u0131n\u0131 destekler. Antibakteriyel \u00f6zelli\u011fi sayesinde k\u00fcmes ortam\u0131n\u0131n hijyenini iyile\u015ftirir.<\/p>\n<p><strong>Kekik Ya\u011f\u0131 (Thyme Oil):<\/strong> Do\u011fal antiseptik \u00f6zellikleriyle bilinir. K\u00fcmes ortam\u0131nda mikrobiyal y\u00fck\u00fc azaltarak kanatl\u0131lar\u0131n sa\u011fl\u0131\u011f\u0131n\u0131 korur. Ayn\u0131 zamanda sindirim sistemini destekleyen etkileriyle hayvanlar\u0131n ba\u011f\u0131\u015f\u0131kl\u0131\u011f\u0131n\u0131 g\u00fc\u00e7lendirir.<\/p>\n<p><strong>Karanfil Ya\u011f\u0131 (Clove Oil):<\/strong> G\u00fc\u00e7l\u00fc antioksidan ve antimikrobiyal \u00f6zelliklere sahiptir. Kanatl\u0131lar\u0131n cilt sa\u011fl\u0131\u011f\u0131n\u0131 koruyarak d\u0131\u015f parazitlerin neden oldu\u011fu tahri\u015fleri hafifletir ve k\u0131rm\u0131z\u0131 bitlerin k\u00fcmes ortam\u0131nda \u00e7o\u011falmas\u0131n\u0131 engeller.<\/p>\n<p><strong>Fesle\u011fen Ya\u011f\u0131 (Basil Oil):<\/strong> Sinir sistemini yat\u0131\u015ft\u0131r\u0131c\u0131 etkisiyle bilinir. K\u0131rm\u0131z\u0131 bitlerin neden oldu\u011fu stresin azalt\u0131lmas\u0131na yard\u0131mc\u0131 olur ve ayn\u0131 zamanda kanatl\u0131lar\u0131n ba\u011f\u0131\u015f\u0131kl\u0131k sistemini destekleyerek hastal\u0131klara kar\u015f\u0131 daha diren\u00e7li olmalar\u0131n\u0131 sa\u011flar.<\/p>\n<\/p><\/div>\n<div class=\"tab-content\">\n<p><strong>Ambalaj:<\/strong> 1 L \u015fi\u015fe<\/p>\n<p><strong>Kullan\u0131m Dozu:<\/strong> 1 Ton i\u00e7me suyu veya yeme 0,25 L<\/p>\n<\/p><\/div>\n<\/div>\n<p><script><br \/>\nfunction showTab(index) {<br \/>\n  const tabs = document.querySelectorAll('.tab-content');<br \/>\n  const buttons = document.querySelectorAll('.tab-btn');<br \/>\n  tabs.forEach((tab, i) => {<br \/>\n    tab.classList.toggle('active', i === index);<br \/>\n  });<br \/>\n  buttons.forEach((btn, i) => {<br \/>\n    btn.classList.toggle('active', i === index);<br \/>\n  });<\/p>\n","protected":false},"excerpt":{"rendered":"<p><strong>Bitkisel Yag\u0306 Kombinasyonu ile K\u0131rm\u0131z\u0131 Bit Mu\u0308cadelesi<\/strong><br \/>\nK\u0131rm\u0131z\u0131 bitler (Dermanyssus gallinae), o\u0308zellikle dam\u0131zl\u0131k ve yumurtac\u0131 su\u0308ru\u0308lerde bu\u0308yu\u0308k bir sorundur. Bu zararl\u0131lar kan emerek hayvanlar\u0131n stres seviyesini art\u0131r\u0131r, bag\u0306\u0131s\u0327\u0131kl\u0131k sistemini zay\u0131flat\u0131r ve yumurta verimini du\u0308s\u0327u\u0308ru\u0308r. Kimyasal mu\u0308cadeleye alternatif olarak gelis\u0327tirilen MiteSafe, dog\u0306al biles\u0327enleriyle k\u0131rm\u0131z\u0131 bitlerin yay\u0131lmas\u0131n\u0131 o\u0308nlerken hayvan sag\u0306l\u0131g\u0306\u0131n\u0131 korur. <\/p>\n","protected":false},"featured_media":614,"template":"","meta":{"_acf_changed":false},"product_brand":[],"product_cat":[79,81],"product_tag":[75,76,74],"class_list":{"0":"post-729","1":"product","2":"type-product","3":"status-publish","4":"has-post-thumbnail","6":"product_cat-dogal-icerikli-urunler","7":"product_cat-kirmizi-akar-kontrolu","8":"product_tag-damizlik","9":"product_tag-sivi-form","10":"product_tag-yumurtaci","12":"first","13":"instock","14":"shipping-taxable","15":"product-type-simple"},"acf":[],"_links":{"self":[{"href":"https:\/\/san-mix.com\/tr\/wp-json\/wp\/v2\/product\/729","targetHints":{"allow":["GET"]}}],"collection":[{"href":"https:\/\/san-mix.com\/tr\/wp-json\/wp\/v2\/product"}],"about":[{"href":"https:\/\/san-mix.com\/tr\/wp-json\/wp\/v2\/types\/product"}],"wp:featuredmedia":[{"embeddable":true,"href":"https:\/\/san-mix.com\/tr\/wp-json\/wp\/v2\/media\/614"}],"wp:attachment":[{"href":"https:\/\/san-mix.com\/tr\/wp-json\/wp\/v2\/media?parent=729"}],"wp:term":[{"taxonomy":"product_brand","embeddable":true,"href":"https:\/\/san-mix.com\/tr\/wp-json\/wp\/v2\/product_brand?post=729"},{"taxonomy":"product_cat","embeddable":true,"href":"https:\/\/san-mix.com\/tr\/wp-json\/wp\/v2\/product_cat?post=729"},{"taxonomy":"product_tag","embeddable":true,"href":"https:\/\/san-mix.com\/tr\/wp-json\/wp\/v2\/product_tag?post=729"}],"curies":[{"name":"wp","href":"https:\/\/api.w.org\/{rel}","templated":true}]}}