{"id":730,"date":"2025-05-26T08:08:53","date_gmt":"2025-05-26T05:08:53","guid":{"rendered":"https:\/\/san-mix.com\/product\/virusafe\/"},"modified":"2025-06-24T12:28:07","modified_gmt":"2025-06-24T09:28:07","slug":"virusafe","status":"publish","type":"product","link":"https:\/\/san-mix.com\/tr\/product\/virusafe\/","title":{"rendered":"ViruSafe"},"content":{"rendered":"<style>\n.tab-buttons {\n  display: flex;\n  gap: 20px;\n  margin-bottom: 15px;\n  border-bottom: 2px solid #ddd;\n  flex-wrap: wrap;\n}\n.tab-btn {\n  all: unset;\n  cursor: pointer;\n  font-size: 18px;\n  font-weight: 500;\n  color: #434869;\n  padding: 8px 0;\n  position: relative;\n  background-color: transparent !important;\n}\n.tab-btn:hover {\n  color: #434869;\n  background-color: transparent !important;\n}\n.tab-btn.active {\n  color: #434869;\n  font-weight: 600;\n  background-color: transparent !important;\n}\n.tab-btn.active::after {\n  content: \"\";\n  position: absolute;\n  bottom: -2px;\n  left: 0;\n  right: 0;\n  height: 2px;\n  background-color: #434869;\n}\n.tab-content {\n  display: none;\n  padding: 10px 0;\n}\n.tab-content.active {\n  display: block;\n  margin-bottom: 20px;\n}\n<\/style>\n<div class=\"custom-tabs\">\n<div class=\"tab-buttons\">\n    <button class=\"tab-btn active\" onclick=\"showTab(0)\">\u0130\u00e7eri\u011fi &#8211; 1L&#8217;de<\/button><br \/>\n    <button class=\"tab-btn\" onclick=\"showTab(1)\">Detaylar<\/button><br \/>\n    <button class=\"tab-btn\" onclick=\"showTab(2)\">Ambalaj &#8211; Kullan\u0131m Dozu<\/button>\n  <\/div>\n<div class=\"tab-content active\">\n<ul>\n<li>Salix alba ekstresi: 250.000 mg<\/li>\n<li>Boswellia serrata ekstresi: 100.000 mg<\/li>\n<li>Ekinezya ekstresi: 250.000 mg<\/li>\n<\/ul><\/div>\n<div class=\"tab-content\">\n<p><strong>Salix Alba Ekstresi (Beyaz S\u00f6\u011f\u00fct Kabu\u011fu): <\/strong>Do\u011fal bir ate\u015f d\u00fc\u015f\u00fcr\u00fcc\u00fc olarak enfeksiyon kaynakl\u0131 ate\u015fin kontrol\u00fcne yard\u0131mc\u0131 olur. Antienflamatuar \u00f6zelli\u011fiyle iltihab\u0131 azalt\u0131r, enfeksiyonlar\u0131n seyrini hafifletir. Ayn\u0131 zamanda a\u011fr\u0131 kesici etkisiyle hastal\u0131k s\u00fcrecindeki rahats\u0131zl\u0131\u011f\u0131 azalt\u0131r.<\/p>\n<p><strong>Boswellia Serrata Ekstresi: <\/strong>G\u00fc\u00e7l\u00fc antienflamatuar etkileri sayesinde ba\u011f\u0131\u015f\u0131kl\u0131k sisteminin a\u015f\u0131r\u0131 tepkilerini \u00f6nlemeye yard\u0131mc\u0131 olur. Solunum yolu enfeksiyonlar\u0131nda hava yollar\u0131n\u0131 rahatlat\u0131r. Patojenlere kar\u015f\u0131 ba\u011f\u0131\u015f\u0131kl\u0131k yan\u0131t\u0131n\u0131 destekler, enfeksiyon riskini d\u00fc\u015f\u00fcr\u00fcr.<\/p>\n<p><strong>Ekinezya Ekstresi: <\/strong>Ba\u011f\u0131\u015f\u0131kl\u0131k sistemini do\u011fal yollarla g\u00fc\u00e7lendirerek enfeksiyonlara kar\u015f\u0131 koruma sa\u011flar. Antiviral ve antibakteriyel \u00f6zellikleriyle patojenlerin yay\u0131lmas\u0131n\u0131 engeller. Hastal\u0131klara kar\u015f\u0131 direnci art\u0131r\u0131r ve iyile\u015fme s\u00fcrecini h\u0131zland\u0131r\u0131r.<\/p>\n<\/p><\/div>\n<div class=\"tab-content\">\n<p><strong>Ambalaj:<\/strong> 1 L \u015fi\u015fe<\/p>\n<p><strong>Kullan\u0131m Dozu:<\/strong> 1 Ton i\u00e7me suyu veya yeme 0,1 \u2013 0,2 L<\/p>\n<\/p><\/div>\n<\/div>\n<p><script>\nfunction showTab(index) {\n  const tabs = document.querySelectorAll('.tab-content');\n  const buttons = document.querySelectorAll('.tab-btn');\n  tabs.forEach((tab, i) => {\n    tab.classList.toggle('active', i === index);\n  });\n  buttons.forEach((btn, i) => {\n    btn.classList.toggle('active', i === index);\n  });\n}\n<\/script><\/p>\n","protected":false},"excerpt":{"rendered":"<p><strong>Dog\u0306al Biles\u0327enlerle Gu\u0308c\u0327lu\u0308 Bag\u0306\u0131s\u0327\u0131kl\u0131k<\/strong><br \/>\nKu\u0308mes hayvanlar\u0131nda enfeksiyonlar, verimlilik kay\u0131plar\u0131n\u0131n en o\u0308nemli nedenlerinden biridir. C\u0327evresel stres fakto\u0308rleri, patojenler ve hava deg\u0306is\u0327imleri bag\u0306\u0131s\u0327\u0131kl\u0131k sistemini zay\u0131flatarak hastal\u0131klara yatk\u0131nl\u0131g\u0306\u0131 art\u0131r\u0131r. ViruSafe, dog\u0306al ekstrelerin gu\u0308c\u0327lu\u0308 kombinasyonu ile bag\u0306\u0131s\u0327\u0131kl\u0131k sistemini destekleyerek enfeksiyonlara kars\u0327\u0131 koruma sag\u0306lar.<\/p>\n","protected":false},"featured_media":615,"template":"","meta":{"_acf_changed":false},"product_brand":[],"product_cat":[77,79,82],"product_tag":[92,100,99],"class_list":{"0":"post-730","1":"product","2":"type-product","3":"status-publish","4":"has-post-thumbnail","6":"product_cat-bagisiklik-sistemi-destegi","7":"product_cat-dogal-icerikli-urunler","8":"product_cat-solunum-sistemi-destegi","9":"product_tag-etlik-pilic","10":"product_tag-sicak-stresi","11":"product_tag-soguk-hava","13":"first","14":"instock","15":"shipping-taxable","16":"product-type-simple"},"acf":[],"_links":{"self":[{"href":"https:\/\/san-mix.com\/tr\/wp-json\/wp\/v2\/product\/730","targetHints":{"allow":["GET"]}}],"collection":[{"href":"https:\/\/san-mix.com\/tr\/wp-json\/wp\/v2\/product"}],"about":[{"href":"https:\/\/san-mix.com\/tr\/wp-json\/wp\/v2\/types\/product"}],"wp:featuredmedia":[{"embeddable":true,"href":"https:\/\/san-mix.com\/tr\/wp-json\/wp\/v2\/media\/615"}],"wp:attachment":[{"href":"https:\/\/san-mix.com\/tr\/wp-json\/wp\/v2\/media?parent=730"}],"wp:term":[{"taxonomy":"product_brand","embeddable":true,"href":"https:\/\/san-mix.com\/tr\/wp-json\/wp\/v2\/product_brand?post=730"},{"taxonomy":"product_cat","embeddable":true,"href":"https:\/\/san-mix.com\/tr\/wp-json\/wp\/v2\/product_cat?post=730"},{"taxonomy":"product_tag","embeddable":true,"href":"https:\/\/san-mix.com\/tr\/wp-json\/wp\/v2\/product_tag?post=730"}],"curies":[{"name":"wp","href":"https:\/\/api.w.org\/{rel}","templated":true}]}}